{"id":1234,"date":"2018-07-27T08:57:43","date_gmt":"2018-07-27T08:57:43","guid":{"rendered":"http:\/\/winadual.de\/?page_id=1234"},"modified":"2018-07-27T08:59:18","modified_gmt":"2018-07-27T08:59:18","slug":"3cb-vom-30-10-2016","status":"publish","type":"page","link":"https:\/\/winadual.de\/?page_id=1234","title":{"rendered":"3CB vom WADO 20"},"content":{"rendered":"<p>Zum zweiten Jubil\u00e4umsturnier (20x WADO!) haben wir ein weiteres 3-Card Blind Turnier veranstaltet (Regeln findet Ihr <a href=\"https:\/\/winadual.de\/?page_id=342\">hier<\/a>). Es haben 23 Spieler daran teil genommen, so dass wir drei Pods mit je 8\/8\/7 Spielern daraus gemacht haben. Die Decklisten waren wie folgt, dahinter die Punkte, die das Deck erzielt hat.<\/p>\n<p><strong>Pod 1<\/strong><\/p>\n<ol>\n<li>Dominik Raitzig (<a class=\"deckbox_link\" target=\"_blank\" href=\"https:\/\/deckbox.org\/mtg\/Mishra&#8217;s Workshop\">Mishra&#8217;s Workshop<\/a>, <a class=\"deckbox_link\" target=\"_blank\" href=\"https:\/\/deckbox.org\/mtg\/Ensnaring Bridge\">Ensnaring Bridge<\/a>, <a class=\"deckbox_link\" target=\"_blank\" href=\"https:\/\/deckbox.org\/mtg\/Scalding Tongs\">Scalding Tongs<\/a>): 38<\/li>\n<li>Felix Hasenfratz (<a class=\"deckbox_link\" target=\"_blank\" href=\"https:\/\/deckbox.org\/mtg\/City of Traitors\">City of Traitors<\/a>, <a class=\"deckbox_link\" target=\"_blank\" href=\"https:\/\/deckbox.org\/mtg\/Lupine Prototype, Lupine Prototype\">Lupine Prototype, Lupine Prototype<\/a>): 36<\/li>\n<li>Tobias Reischmann (<a class=\"deckbox_link\" target=\"_blank\" href=\"https:\/\/deckbox.org\/mtg\/Mox Ruby\">Mox Ruby<\/a>, <a class=\"deckbox_link\" target=\"_blank\" href=\"https:\/\/deckbox.org\/mtg\/Mishra&#8217;s Workshop[card\/], [card]Lodestone Golem\">Mishra&#8217;s Workshop[card\/], [card]Lodestone Golem<\/a>): 26<\/li>\n<li>Steffen, Fechter (<a class=\"deckbox_link\" target=\"_blank\" href=\"https:\/\/deckbox.org\/mtg\/Mana Vault\">Mana Vault<\/a>, <a class=\"deckbox_link\" target=\"_blank\" href=\"https:\/\/deckbox.org\/mtg\/Batterskull\">Batterskull<\/a>, Mishra&#8217;s <a class=\"deckbox_link\" target=\"_blank\" href=\"https:\/\/deckbox.org\/mtg\/Workshop\">Workshop<\/a>): 20<\/li>\n<li>Dustin Conrads (<a class=\"deckbox_link\" target=\"_blank\" href=\"https:\/\/deckbox.org\/mtg\/Blinkmoth Nexus\">Blinkmoth Nexus<\/a>, <a class=\"deckbox_link\" target=\"_blank\" href=\"https:\/\/deckbox.org\/mtg\/Inkmoth Nexus\">Inkmoth Nexus<\/a>, <a class=\"deckbox_link\" target=\"_blank\" href=\"https:\/\/deckbox.org\/mtg\/Pendelhaven\">Pendelhaven<\/a>): 14<\/li>\n<li>Henri Aubert (<a class=\"deckbox_link\" target=\"_blank\" href=\"https:\/\/deckbox.org\/mtg\/Swamp\">Swamp<\/a>, <a class=\"deckbox_link\" target=\"_blank\" href=\"https:\/\/deckbox.org\/mtg\/Shrieking Affliction\">Shrieking Affliction<\/a>, <a class=\"deckbox_link\" target=\"_blank\" href=\"https:\/\/deckbox.org\/mtg\/Shrieking Affliction\">Shrieking Affliction<\/a>): 8<\/li>\n<li>Dennis Wiedmann (<a class=\"deckbox_link\" target=\"_blank\" href=\"https:\/\/deckbox.org\/mtg\/Swamp\">Swamp<\/a>, <a class=\"deckbox_link\" target=\"_blank\" href=\"https:\/\/deckbox.org\/mtg\/Dark Ritual\">Dark Ritual<\/a>, <a class=\"deckbox_link\" target=\"_blank\" href=\"https:\/\/deckbox.org\/mtg\/Gatekeeper of Malakir\">Gatekeeper of Malakir<\/a>): 6<\/li>\n<li>Matthias Beyer (<a class=\"deckbox_link\" target=\"_blank\" href=\"https:\/\/deckbox.org\/mtg\/Leyline of Lifeforce\">Leyline of Lifeforce<\/a>, <a class=\"deckbox_link\" target=\"_blank\" href=\"https:\/\/deckbox.org\/mtg\/Memnite\">Memnite<\/a>, <a class=\"deckbox_link\" target=\"_blank\" href=\"https:\/\/deckbox.org\/mtg\/Mutagenic Growth\">Mutagenic Growth<\/a>): 4<\/li>\n<\/ol>\n<p><strong>Pod 2<\/strong><\/p>\n<ol>\n<li>Niko Krammer (<a class=\"deckbox_link\" target=\"_blank\" href=\"https:\/\/deckbox.org\/mtg\/Dark Depths\">Dark Depths<\/a>, <a class=\"deckbox_link\" target=\"_blank\" href=\"https:\/\/deckbox.org\/mtg\/Thespian&#8217;s Stage\">Thespian&#8217;s Stage<\/a>, <a class=\"deckbox_link\" target=\"_blank\" href=\"https:\/\/deckbox.org\/mtg\/City of Traitors\">City of Traitors<\/a>): 35<\/li>\n<li>Dominik St\u00fctzle (<a class=\"deckbox_link\" target=\"_blank\" href=\"https:\/\/deckbox.org\/mtg\/Mishra&#8217;s Factory\">Mishra&#8217;s Factory<\/a>, <a class=\"deckbox_link\" target=\"_blank\" href=\"https:\/\/deckbox.org\/mtg\/Orzhov Basilika\">Orzhov Basilika<\/a>, <a class=\"deckbox_link\" target=\"_blank\" href=\"https:\/\/deckbox.org\/mtg\/Vindicate\">Vindicate<\/a>): 27<\/li>\n<li>Pierre Frauer (<a class=\"deckbox_link\" target=\"_blank\" href=\"https:\/\/deckbox.org\/mtg\/Mishra&#8217;s Factory\">Mishra&#8217;s Factory<\/a>, <a class=\"deckbox_link\" target=\"_blank\" href=\"https:\/\/deckbox.org\/mtg\/Mishra&#8217;s Factory\">Mishra&#8217;s Factory<\/a>, <a class=\"deckbox_link\" target=\"_blank\" href=\"https:\/\/deckbox.org\/mtg\/Mishra&#8217;s Factory\">Mishra&#8217;s Factory<\/a>): 26<\/li>\n<li>Tim Jennerjahn (<a class=\"deckbox_link\" target=\"_blank\" href=\"https:\/\/deckbox.org\/mtg\/Golgari Rot-Farm\">Golgari Rot-Farm<\/a>, <a class=\"deckbox_link\" target=\"_blank\" href=\"https:\/\/deckbox.org\/mtg\/Treetop Village\">Treetop Village<\/a>, <a class=\"deckbox_link\" target=\"_blank\" href=\"https:\/\/deckbox.org\/mtg\/Song of the Dryads\">Song of the Dryads<\/a>): 23<\/li>\n<li>R\u00fcdiger Laes (<a class=\"deckbox_link\" target=\"_blank\" href=\"https:\/\/deckbox.org\/mtg\/Mishra&#8217;s Workshop\">Mishra&#8217;s Workshop<\/a>, <a class=\"deckbox_link\" target=\"_blank\" href=\"https:\/\/deckbox.org\/mtg\/Trinisphere\">Trinisphere<\/a>, <a class=\"deckbox_link\" target=\"_blank\" href=\"https:\/\/deckbox.org\/mtg\/Steel Golem\">Steel Golem<\/a>): 16<\/li>\n<li>Simon G\u00e4rtner (<a class=\"deckbox_link\" target=\"_blank\" href=\"https:\/\/deckbox.org\/mtg\/Mishra&#8217;s Workshop\">Mishra&#8217;s Workshop<\/a>, <a class=\"deckbox_link\" target=\"_blank\" href=\"https:\/\/deckbox.org\/mtg\/Ensnaring Bridge\">Ensnaring Bridge<\/a>, <a class=\"deckbox_link\" target=\"_blank\" href=\"https:\/\/deckbox.org\/mtg\/Wheel of Torture\">Wheel of Torture<\/a>): 15<\/li>\n<li>Dustin Conrads (<a class=\"deckbox_link\" target=\"_blank\" href=\"https:\/\/deckbox.org\/mtg\/Force of Will\">Force of Will<\/a>, <a class=\"deckbox_link\" target=\"_blank\" href=\"https:\/\/deckbox.org\/mtg\/Storm Crow\">Storm Crow<\/a>,\u00a0<a class=\"deckbox_link\" target=\"_blank\" href=\"https:\/\/deckbox.org\/mtg\/Memnite\">Memnite<\/a>): 8<\/li>\n<li>Daniel Beck (<a class=\"deckbox_link\" target=\"_blank\" href=\"https:\/\/deckbox.org\/mtg\/Mountain\">Mountain<\/a>, <a class=\"deckbox_link\" target=\"_blank\" href=\"https:\/\/deckbox.org\/mtg\/Rite of Flame\">Rite of Flame<\/a>, <a class=\"deckbox_link\" target=\"_blank\" href=\"https:\/\/deckbox.org\/mtg\/Eidolon of the Great Revel\">Eidolon of the Great Revel<\/a>): 2<\/li>\n<\/ol>\n<p><strong>Pod 3<\/strong><\/p>\n<ol>\n<li>Daniel Beck (<a class=\"deckbox_link\" target=\"_blank\" href=\"https:\/\/deckbox.org\/mtg\/Bayou\">Bayou<\/a>, <a class=\"deckbox_link\" target=\"_blank\" href=\"https:\/\/deckbox.org\/mtg\/Duress\">Duress<\/a>, <a class=\"deckbox_link\" target=\"_blank\" href=\"https:\/\/deckbox.org\/mtg\/Deathrite Shaman\">Deathrite Shaman<\/a>): 24<\/li>\n<li>Gideon Zipprich (<a class=\"deckbox_link\" target=\"_blank\" href=\"https:\/\/deckbox.org\/mtg\/Dryad Arbor\">Dryad Arbor<\/a>, <a class=\"deckbox_link\" target=\"_blank\" href=\"https:\/\/deckbox.org\/mtg\/Force of Will\">Force of Will<\/a>, <a class=\"deckbox_link\" target=\"_blank\" href=\"https:\/\/deckbox.org\/mtg\/Force of Will\">Force of Will<\/a>): 20<\/li>\n<li>Jens H\u00f6r (<a class=\"deckbox_link\" target=\"_blank\" href=\"https:\/\/deckbox.org\/mtg\/Chancellor of the Forge\">Chancellor of the Forge<\/a>, <a class=\"deckbox_link\" target=\"_blank\" href=\"https:\/\/deckbox.org\/mtg\/Force of Will\">Force of Will<\/a>, <a class=\"deckbox_link\" target=\"_blank\" href=\"https:\/\/deckbox.org\/mtg\/Misdirection\">Misdirection<\/a>): 20<\/li>\n<li>Henri Hubert (<a class=\"deckbox_link\" target=\"_blank\" href=\"https:\/\/deckbox.org\/mtg\/Warping Wail\">Warping Wail<\/a>, <a class=\"deckbox_link\" target=\"_blank\" href=\"https:\/\/deckbox.org\/mtg\/Mishra&#8217;s Factory\">Mishra&#8217;s Factory<\/a>, <a class=\"deckbox_link\" target=\"_blank\" href=\"https:\/\/deckbox.org\/mtg\/Mishra&#8217;s Factory\">Mishra&#8217;s Factory<\/a>): 19<\/li>\n<li>Domink Kerpes (<a class=\"deckbox_link\" target=\"_blank\" href=\"https:\/\/deckbox.org\/mtg\/Shelldock Isle\">Shelldock Isle<\/a>, <a class=\"deckbox_link\" target=\"_blank\" href=\"https:\/\/deckbox.org\/mtg\/Lion&#8217;s Eye Diamond\">Lion&#8217;s Eye Diamond<\/a>, <a class=\"deckbox_link\" target=\"_blank\" href=\"https:\/\/deckbox.org\/mtg\/Ulamog, the Infinite Gyre\">Ulamog, the Infinite Gyre<\/a>): 18<\/li>\n<li>Lukas Geiger (<a class=\"deckbox_link\" target=\"_blank\" href=\"https:\/\/deckbox.org\/mtg\/Thespian&#8217;s Stage\">Thespian&#8217;s Stage<\/a>, <a class=\"deckbox_link\" target=\"_blank\" href=\"https:\/\/deckbox.org\/mtg\/Dark Depth\">Dark Depth<\/a>, <a class=\"deckbox_link\" target=\"_blank\" href=\"https:\/\/deckbox.org\/mtg\/Sol Ring\">Sol Ring<\/a>): 15<\/li>\n<li>R\u00fcdiger Laes (<a class=\"deckbox_link\" target=\"_blank\" href=\"https:\/\/deckbox.org\/mtg\/Havenwood Battleground\">Havenwood Battleground<\/a>, <a class=\"deckbox_link\" target=\"_blank\" href=\"https:\/\/deckbox.org\/mtg\/Channel\">Channel<\/a>, <a class=\"deckbox_link\" target=\"_blank\" href=\"https:\/\/deckbox.org\/mtg\/Emrakul, the Aeons Torn\">Emrakul, the Aeons Torn<\/a>): 7<\/li>\n<\/ol>\n<p>Da die Regeln besagen, dass alle Siegerkarten f\u00fcr weitere Runden gebannt werden m\u00fcssen, sind ab sofort die folgenden Karten zus\u00e4tzlich nicht erlaubt:<\/p>\n<ul>\n<li><a class=\"deckbox_link\" target=\"_blank\" href=\"https:\/\/deckbox.org\/mtg\/Mishra&#8217;s Workshop\">Mishra&#8217;s Workshop<\/a><\/li>\n<li><a class=\"deckbox_link\" target=\"_blank\" href=\"https:\/\/deckbox.org\/mtg\/Ensnaring Bridge\">Ensnaring Bridge<\/a><\/li>\n<li><a class=\"deckbox_link\" target=\"_blank\" href=\"https:\/\/deckbox.org\/mtg\/Scalding Tongs\">Scalding Tongs<\/a><\/li>\n<li><a class=\"deckbox_link\" target=\"_blank\" href=\"https:\/\/deckbox.org\/mtg\/Dark Depths\">Dark Depths<\/a><\/li>\n<li><a class=\"deckbox_link\" target=\"_blank\" href=\"https:\/\/deckbox.org\/mtg\/Thespian&#8217;s Stage\">Thespian&#8217;s Stage<\/a><\/li>\n<li><a class=\"deckbox_link\" target=\"_blank\" href=\"https:\/\/deckbox.org\/mtg\/City of Traitors\">City of Traitors<\/a><\/li>\n<li><a class=\"deckbox_link\" target=\"_blank\" href=\"https:\/\/deckbox.org\/mtg\/Bayou\">Bayou<\/a><\/li>\n<li><a class=\"deckbox_link\" target=\"_blank\" href=\"https:\/\/deckbox.org\/mtg\/Duress\">Duress<\/a><\/li>\n<li><a class=\"deckbox_link\" target=\"_blank\" href=\"https:\/\/deckbox.org\/mtg\/Deathrite Shaman\">Deathrite Shaman<\/a><\/li>\n<\/ul>\n","protected":false},"excerpt":{"rendered":"<p>Zum zweiten Jubil\u00e4umsturnier (20x WADO!) haben wir ein weiteres 3-Card Blind Turnier veranstaltet (Regeln findet Ihr hier). Es haben 23 Spieler daran teil genommen, so dass wir drei Pods mit je 8\/8\/7 Spielern daraus gemacht haben. Die Decklisten waren wie folgt, dahinter die Punkte, die das Deck erzielt hat. Pod 1 Dominik Raitzig (, , [&hellip;]<\/p>\n","protected":false},"author":1,"featured_media":0,"parent":0,"menu_order":0,"comment_status":"closed","ping_status":"closed","template":"","meta":{"footnotes":""},"class_list":["post-1234","page","type-page","status-publish","hentry"],"_links":{"self":[{"href":"https:\/\/winadual.de\/index.php?rest_route=\/wp\/v2\/pages\/1234","targetHints":{"allow":["GET"]}}],"collection":[{"href":"https:\/\/winadual.de\/index.php?rest_route=\/wp\/v2\/pages"}],"about":[{"href":"https:\/\/winadual.de\/index.php?rest_route=\/wp\/v2\/types\/page"}],"author":[{"embeddable":true,"href":"https:\/\/winadual.de\/index.php?rest_route=\/wp\/v2\/users\/1"}],"replies":[{"embeddable":true,"href":"https:\/\/winadual.de\/index.php?rest_route=%2Fwp%2Fv2%2Fcomments&post=1234"}],"version-history":[{"count":3,"href":"https:\/\/winadual.de\/index.php?rest_route=\/wp\/v2\/pages\/1234\/revisions"}],"predecessor-version":[{"id":1240,"href":"https:\/\/winadual.de\/index.php?rest_route=\/wp\/v2\/pages\/1234\/revisions\/1240"}],"wp:attachment":[{"href":"https:\/\/winadual.de\/index.php?rest_route=%2Fwp%2Fv2%2Fmedia&parent=1234"}],"curies":[{"name":"wp","href":"https:\/\/api.w.org\/{rel}","templated":true}]}}