{"id":1276,"date":"2018-10-10T06:48:44","date_gmt":"2018-10-10T06:48:44","guid":{"rendered":"http:\/\/winadual.de\/?page_id=1276"},"modified":"2018-10-10T06:59:25","modified_gmt":"2018-10-10T06:59:25","slug":"3cb-vom-wado-30","status":"publish","type":"page","link":"https:\/\/winadual.de\/?page_id=1276","title":{"rendered":"3CB vom WADO 30"},"content":{"rendered":"<p>Zum dritten Jubil\u00e4umsturnier (30 Jahre WADO!) haben wir selbstverst\u00e4ndlich wieder ein 3-Card Blind Turnier veranstaltet (Regeln findet Ihr <a href=\"https:\/\/winadual.de\/?page_id=342\">hier<\/a>). Es haben 24 Spieler daran teil genommen, so dass wir drei Pods mit je 8 Spielern machen konnten. Die Decklisten waren wie folgt, dahinter die Punkte, die das Deck erzielt hat.<\/p>\n<p><strong>Pod 1<\/strong><\/p>\n<ol>\n<li>Daniel Beck (<a class=\"deckbox_link\" target=\"_blank\" href=\"https:\/\/deckbox.org\/mtg\/Shelldock Isle\">Shelldock Isle<\/a>, <a class=\"deckbox_link\" target=\"_blank\" href=\"https:\/\/deckbox.org\/mtg\/Ulamog, the Infinite Gyre\">Ulamog, the Infinite Gyre<\/a>, <a class=\"deckbox_link\" target=\"_blank\" href=\"https:\/\/deckbox.org\/mtg\/Lion&#8217;s Eye Diamond\">Lion&#8217;s Eye Diamond<\/a>): 16<\/li>\n<li>Marvin Otto (<a class=\"deckbox_link\" target=\"_blank\" href=\"https:\/\/deckbox.org\/mtg\/Treetop Village\">Treetop Village<\/a>, <a class=\"deckbox_link\" target=\"_blank\" href=\"https:\/\/deckbox.org\/mtg\/Golgari Rot Farm\">Golgari Rot Farm<\/a>, <a class=\"deckbox_link\" target=\"_blank\" href=\"https:\/\/deckbox.org\/mtg\/Putrefy\">Putrefy<\/a>): 13<\/li>\n<li>Adrian Straub (<a class=\"deckbox_link\" target=\"_blank\" href=\"https:\/\/deckbox.org\/mtg\/Ancient Tomb\">Ancient Tomb<\/a>, <a class=\"deckbox_link\" target=\"_blank\" href=\"https:\/\/deckbox.org\/mtg\/Porcelain Legionnaire\">Porcelain Legionnaire<\/a>, <a class=\"deckbox_link\" target=\"_blank\" href=\"https:\/\/deckbox.org\/mtg\/Porcelain Legionnaire\">Porcelain Legionnaire<\/a>): 13<\/li>\n<li>Daniel Fink (<a class=\"deckbox_link\" target=\"_blank\" href=\"https:\/\/deckbox.org\/mtg\/The Tabernacle at Pendrell Vale\">The Tabernacle at Pendrell Vale<\/a>, <a class=\"deckbox_link\" target=\"_blank\" href=\"https:\/\/deckbox.org\/mtg\/Urborg, Tomb of Yawgmoth\">Urborg, Tomb of Yawgmoth<\/a>, <a class=\"deckbox_link\" target=\"_blank\" href=\"https:\/\/deckbox.org\/mtg\/Reassembling Skeleton\">Reassembling Skeleton<\/a>): 10<\/li>\n<li>Julian Riedl (<a class=\"deckbox_link\" target=\"_blank\" href=\"https:\/\/deckbox.org\/mtg\/Dryad Arbor\">Dryad Arbor<\/a>, <a class=\"deckbox_link\" target=\"_blank\" href=\"https:\/\/deckbox.org\/mtg\/Force of Will\">Force of Will<\/a>, <a class=\"deckbox_link\" target=\"_blank\" href=\"https:\/\/deckbox.org\/mtg\/Force of Will\">Force of Will<\/a>): 10<\/li>\n<li>Martin Zimmermann (<a class=\"deckbox_link\" target=\"_blank\" href=\"https:\/\/deckbox.org\/mtg\/Inkmoth Nexus\">Inkmoth Nexus<\/a>, <a class=\"deckbox_link\" target=\"_blank\" href=\"https:\/\/deckbox.org\/mtg\/Mox Jet\">Mox Jet<\/a>, <a class=\"deckbox_link\" target=\"_blank\" href=\"https:\/\/deckbox.org\/mtg\/Diabolic Edict\">Diabolic Edict<\/a>) : 10<\/li>\n<li>Mathias Schubert (<a class=\"deckbox_link\" target=\"_blank\" href=\"https:\/\/deckbox.org\/mtg\/Mother of Runes\">Mother of Runes<\/a>, <a class=\"deckbox_link\" target=\"_blank\" href=\"https:\/\/deckbox.org\/mtg\/Isamaru, Hound of Konda\">Isamaru, Hound of Konda<\/a>, <a class=\"deckbox_link\" target=\"_blank\" href=\"https:\/\/deckbox.org\/mtg\/Karakas\">Karakas<\/a>): 7<\/li>\n<li>Julian Riedl (<a class=\"deckbox_link\" target=\"_blank\" href=\"https:\/\/deckbox.org\/mtg\/Karakas\">Karakas<\/a>, <a class=\"deckbox_link\" target=\"_blank\" href=\"https:\/\/deckbox.org\/mtg\/Karoo\">Karoo<\/a>, <a class=\"deckbox_link\" target=\"_blank\" href=\"https:\/\/deckbox.org\/mtg\/Mangara of Corondor\">Mangara of Corondor<\/a>): 0 (konnte leider nicht gewinnen)<\/li>\n<\/ol>\n<p><strong>Pod 2<\/strong><\/p>\n<ol>\n<li>R\u00fcdiger Laes (<a class=\"deckbox_link\" target=\"_blank\" href=\"https:\/\/deckbox.org\/mtg\/Slippery Bogle\">Slippery Bogle<\/a>, <a class=\"deckbox_link\" target=\"_blank\" href=\"https:\/\/deckbox.org\/mtg\/Dryad Arbor\">Dryad Arbor<\/a>, <a class=\"deckbox_link\" target=\"_blank\" href=\"https:\/\/deckbox.org\/mtg\/Force of Will\">Force of Will<\/a>): 14<\/li>\n<li>Matthias Schmid (<a class=\"deckbox_link\" target=\"_blank\" href=\"https:\/\/deckbox.org\/mtg\/Mishra&#8217;s Factory\">Mishra&#8217;s Factory<\/a>, <a class=\"deckbox_link\" target=\"_blank\" href=\"https:\/\/deckbox.org\/mtg\/Mox Pearl\">Mox Pearl<\/a>, <a class=\"deckbox_link\" target=\"_blank\" href=\"https:\/\/deckbox.org\/mtg\/Sphere of Resistance\">Sphere of Resistance<\/a>): 13<\/li>\n<li>Philipp Altmann (<a class=\"deckbox_link\" target=\"_blank\" href=\"https:\/\/deckbox.org\/mtg\/Dryad Arbor\">Dryad Arbor<\/a>, <a class=\"deckbox_link\" target=\"_blank\" href=\"https:\/\/deckbox.org\/mtg\/Plains\">Plains<\/a>, <a class=\"deckbox_link\" target=\"_blank\" href=\"https:\/\/deckbox.org\/mtg\/Path to Exile\">Path to Exile<\/a>): 12<\/li>\n<li>R\u00fcdiger Laes (<a class=\"deckbox_link\" target=\"_blank\" href=\"https:\/\/deckbox.org\/mtg\/Pithing Needle\">Pithing Needle<\/a>, <a class=\"deckbox_link\" target=\"_blank\" href=\"https:\/\/deckbox.org\/mtg\/Inkmoth Nexus\">Inkmoth Nexus<\/a>, <a class=\"deckbox_link\" target=\"_blank\" href=\"https:\/\/deckbox.org\/mtg\/Mountain\">Mountain<\/a>): 12<\/li>\n<li>Ronja Schneck (<a class=\"deckbox_link\" target=\"_blank\" href=\"https:\/\/deckbox.org\/mtg\/Svyelunite Temple\">Svyelunite Temple<\/a>, <a class=\"deckbox_link\" target=\"_blank\" href=\"https:\/\/deckbox.org\/mtg\/Stifle\">Stifle<\/a>, <a class=\"deckbox_link\" target=\"_blank\" href=\"https:\/\/deckbox.org\/mtg\/Phyrexian Dreadnought\">Phyrexian Dreadnought<\/a>): 12<\/li>\n<li>Daniel Fink (<a class=\"deckbox_link\" target=\"_blank\" href=\"https:\/\/deckbox.org\/mtg\/Cavern of Souls\">Cavern of Souls<\/a>, <a class=\"deckbox_link\" target=\"_blank\" href=\"https:\/\/deckbox.org\/mtg\/Thraben Doomsayer\">Thraben Doomsayer<\/a>, <a class=\"deckbox_link\" target=\"_blank\" href=\"https:\/\/deckbox.org\/mtg\/Ruins of Trokair\">Ruins of Trokair<\/a>): 6<\/li>\n<li>Adrian Methner (<a class=\"deckbox_link\" target=\"_blank\" href=\"https:\/\/deckbox.org\/mtg\/Swamp\">Swamp<\/a>, <a class=\"deckbox_link\" target=\"_blank\" href=\"https:\/\/deckbox.org\/mtg\/Dark Ritual\">Dark Ritual<\/a>, <a class=\"deckbox_link\" target=\"_blank\" href=\"https:\/\/deckbox.org\/mtg\/Liliana, the Last Hope\">Liliana, the Last Hope<\/a>): 6<\/li>\n<li>Marcel Michel (<a class=\"deckbox_link\" target=\"_blank\" href=\"https:\/\/deckbox.org\/mtg\/Blighted Agent\">Blighted Agent<\/a>, <a class=\"deckbox_link\" target=\"_blank\" href=\"https:\/\/deckbox.org\/mtg\/Fog Bank\">Fog Bank<\/a>, <a class=\"deckbox_link\" target=\"_blank\" href=\"https:\/\/deckbox.org\/mtg\/Saprazzan Skerry\">Saprazzan Skerry<\/a>): 5<\/li>\n<\/ol>\n<p><strong>Pod 3<\/strong><\/p>\n<ol>\n<li>Daniel Beck (<a class=\"deckbox_link\" target=\"_blank\" href=\"https:\/\/deckbox.org\/mtg\/Ancient Tomb\">Ancient Tomb<\/a>, <a class=\"deckbox_link\" target=\"_blank\" href=\"https:\/\/deckbox.org\/mtg\/Lupine Prototype\">Lupine Prototype<\/a>, <a class=\"deckbox_link\" target=\"_blank\" href=\"https:\/\/deckbox.org\/mtg\/Lupine Prototype\">Lupine Prototype<\/a>): 17<\/li>\n<li>Felix Hasenfratz (<a class=\"deckbox_link\" target=\"_blank\" href=\"https:\/\/deckbox.org\/mtg\/Ancient Tomb\">Ancient Tomb<\/a>, <a class=\"deckbox_link\" target=\"_blank\" href=\"https:\/\/deckbox.org\/mtg\/Lupine Prototype\">Lupine Prototype<\/a>, <a class=\"deckbox_link\" target=\"_blank\" href=\"https:\/\/deckbox.org\/mtg\/Lupine Prototype\">Lupine Prototype<\/a>): 17<\/li>\n<li>Tobias Reischmann (<a class=\"deckbox_link\" target=\"_blank\" href=\"https:\/\/deckbox.org\/mtg\/Ancient Tomb\">Ancient Tomb<\/a>, <a class=\"deckbox_link\" target=\"_blank\" href=\"https:\/\/deckbox.org\/mtg\/Lupine Prototype\">Lupine Prototype<\/a>, <a class=\"deckbox_link\" target=\"_blank\" href=\"https:\/\/deckbox.org\/mtg\/Lupine Prototype\">Lupine Prototype<\/a>): 17<\/li>\n<li>Niko Krammer (<a class=\"deckbox_link\" target=\"_blank\" href=\"https:\/\/deckbox.org\/mtg\/Inkmoth Nexus\">Inkmoth Nexus<\/a>, <a class=\"deckbox_link\" target=\"_blank\" href=\"https:\/\/deckbox.org\/mtg\/Inkmoth Nexus\">Inkmoth Nexus<\/a>, <a class=\"deckbox_link\" target=\"_blank\" href=\"https:\/\/deckbox.org\/mtg\/Pendelhaven\">Pendelhaven<\/a>): 12<\/li>\n<li>Felix Hasenfratz (<a class=\"deckbox_link\" target=\"_blank\" href=\"https:\/\/deckbox.org\/mtg\/Sand Silos\">Sand Silos<\/a>, <a class=\"deckbox_link\" target=\"_blank\" href=\"https:\/\/deckbox.org\/mtg\/Force of Will\">Force of Will<\/a>, <a class=\"deckbox_link\" target=\"_blank\" href=\"https:\/\/deckbox.org\/mtg\/Misthollow Griffin\">Misthollow Griffin<\/a>): 6<\/li>\n<li>Simon Keplinger (<a class=\"deckbox_link\" target=\"_blank\" href=\"https:\/\/deckbox.org\/mtg\/Scrubland\">Scrubland<\/a>, <a class=\"deckbox_link\" target=\"_blank\" href=\"https:\/\/deckbox.org\/mtg\/Dryad Arbor\">Dryad Arbor<\/a>, <a class=\"deckbox_link\" target=\"_blank\" href=\"https:\/\/deckbox.org\/mtg\/Assassin&#8217;s Trophy\">Assassin&#8217;s Trophy<\/a>): 4<\/li>\n<li>Ronja Schneck (<a class=\"deckbox_link\" target=\"_blank\" href=\"https:\/\/deckbox.org\/mtg\/Island\">Island<\/a>, <a class=\"deckbox_link\" target=\"_blank\" href=\"https:\/\/deckbox.org\/mtg\/Flying Men\">Flying Men<\/a>, <a class=\"deckbox_link\" target=\"_blank\" href=\"https:\/\/deckbox.org\/mtg\/Daze\">Daze<\/a>): 4<\/li>\n<li>Jens H\u00f6r (<a class=\"deckbox_link\" target=\"_blank\" href=\"https:\/\/deckbox.org\/mtg\/Chancellor of the Forge\">Chancellor of the Forge<\/a>, <a class=\"deckbox_link\" target=\"_blank\" href=\"https:\/\/deckbox.org\/mtg\/Force of Will\">Force of Will<\/a>, <a class=\"deckbox_link\" target=\"_blank\" href=\"https:\/\/deckbox.org\/mtg\/Misdirection\">Misdirection<\/a>): 2<\/li>\n<\/ol>\n<p><strong>Siegerpod<\/strong><\/p>\n<p>Wenn man die drei Siegerlisten gegeneinander spielt, bemerkt man einen klassischen Schere-Stein-Papier-Effekt. Jedes Deck gewinnt gegen einen der beiden Gegner und verliert gegen den anderen, so dass alle drei Decks mit 3 Punkten gleich auf sind.<\/p>\n<p><strong>Banlist Update<\/strong><\/p>\n<p>Da die Regeln besagen, dass alle Siegerkarten f\u00fcr weitere Runden gebannt werden m\u00fcssen, sind ab sofort die folgenden Karten zus\u00e4tzlich nicht erlaubt:<\/p>\n<ul>\n<li><a class=\"deckbox_link\" target=\"_blank\" href=\"https:\/\/deckbox.org\/mtg\/Shelldock Isle\">Shelldock Isle<\/a><\/li>\n<li><a class=\"deckbox_link\" target=\"_blank\" href=\"https:\/\/deckbox.org\/mtg\/Ulamog, the Infinite Gyre\">Ulamog, the Infinite Gyre<\/a><\/li>\n<li><a class=\"deckbox_link\" target=\"_blank\" href=\"https:\/\/deckbox.org\/mtg\/Lion&#8217;s Eye Diamond\">Lion&#8217;s Eye Diamond<\/a><\/li>\n<li><a class=\"deckbox_link\" target=\"_blank\" href=\"https:\/\/deckbox.org\/mtg\/Slippery Bogle\">Slippery Bogle<\/a><\/li>\n<li><a class=\"deckbox_link\" target=\"_blank\" href=\"https:\/\/deckbox.org\/mtg\/Dryad Arbor\">Dryad Arbor<\/a><\/li>\n<li><a class=\"deckbox_link\" target=\"_blank\" href=\"https:\/\/deckbox.org\/mtg\/Force of Will\">Force of Will<\/a><\/li>\n<li><a class=\"deckbox_link\" target=\"_blank\" href=\"https:\/\/deckbox.org\/mtg\/Ancient Tomb\">Ancient Tomb<\/a><\/li>\n<li><a class=\"deckbox_link\" target=\"_blank\" href=\"https:\/\/deckbox.org\/mtg\/Lupine Prototype\">Lupine Prototype<\/a><\/li>\n<\/ul>\n","protected":false},"excerpt":{"rendered":"<p>Zum dritten Jubil\u00e4umsturnier (30 Jahre WADO!) haben wir selbstverst\u00e4ndlich wieder ein 3-Card Blind Turnier veranstaltet (Regeln findet Ihr hier). Es haben 24 Spieler daran teil genommen, so dass wir drei Pods mit je 8 Spielern machen konnten. Die Decklisten waren wie folgt, dahinter die Punkte, die das Deck erzielt hat. Pod 1 Daniel Beck (, [&hellip;]<\/p>\n","protected":false},"author":1,"featured_media":0,"parent":0,"menu_order":0,"comment_status":"closed","ping_status":"closed","template":"","meta":{"footnotes":""},"class_list":["post-1276","page","type-page","status-publish","hentry"],"_links":{"self":[{"href":"https:\/\/winadual.de\/index.php?rest_route=\/wp\/v2\/pages\/1276","targetHints":{"allow":["GET"]}}],"collection":[{"href":"https:\/\/winadual.de\/index.php?rest_route=\/wp\/v2\/pages"}],"about":[{"href":"https:\/\/winadual.de\/index.php?rest_route=\/wp\/v2\/types\/page"}],"author":[{"embeddable":true,"href":"https:\/\/winadual.de\/index.php?rest_route=\/wp\/v2\/users\/1"}],"replies":[{"embeddable":true,"href":"https:\/\/winadual.de\/index.php?rest_route=%2Fwp%2Fv2%2Fcomments&post=1276"}],"version-history":[{"count":8,"href":"https:\/\/winadual.de\/index.php?rest_route=\/wp\/v2\/pages\/1276\/revisions"}],"predecessor-version":[{"id":1287,"href":"https:\/\/winadual.de\/index.php?rest_route=\/wp\/v2\/pages\/1276\/revisions\/1287"}],"wp:attachment":[{"href":"https:\/\/winadual.de\/index.php?rest_route=%2Fwp%2Fv2%2Fmedia&parent=1276"}],"curies":[{"name":"wp","href":"https:\/\/api.w.org\/{rel}","templated":true}]}}