{"id":1482,"date":"2021-10-01T09:26:00","date_gmt":"2021-10-01T09:26:00","guid":{"rendered":"https:\/\/winadual.de\/?page_id=1482"},"modified":"2024-05-11T09:16:48","modified_gmt":"2024-05-11T09:16:48","slug":"proxy-faq","status":"publish","type":"page","link":"https:\/\/winadual.de\/?page_id=1482","title":{"rendered":"Proxy FAQ"},"content":{"rendered":"\n<p><a href=\"https:\/\/winadual.de\/wp-content\/uploads\/2021\/09\/WADO_ESA_Proxies.jpg\">FAQ zur Proxy-Handhabung beim Win A Dual Open (WADO)<img loading=\"lazy\" decoding=\"async\" class=\"alignnone size-large wp-image-1478\" src=\"https:\/\/winadual.de\/wp-content\/uploads\/2021\/09\/WADO_ESA_Proxies-1024x576.jpg\" alt=\"\" width=\"586\" height=\"330\" srcset=\"https:\/\/winadual.de\/wp-content\/uploads\/2021\/09\/WADO_ESA_Proxies-1024x576.jpg 1024w, https:\/\/winadual.de\/wp-content\/uploads\/2021\/09\/WADO_ESA_Proxies-300x169.jpg 300w, https:\/\/winadual.de\/wp-content\/uploads\/2021\/09\/WADO_ESA_Proxies-768x432.jpg 768w, https:\/\/winadual.de\/wp-content\/uploads\/2021\/09\/WADO_ESA_Proxies-1536x864.jpg 1536w, https:\/\/winadual.de\/wp-content\/uploads\/2021\/09\/WADO_ESA_Proxies.jpg 1920w\" sizes=\"auto, (max-width: 586px) 100vw, 586px\" \/><\/a><\/p>\n<p><strong>Q: Was f\u00fcr Proxies sind erlaubt?<\/strong><\/p>\n<p>A: Wir richten uns nach den Proxy Guidelines der European Legacy Masters, die Ihr hier findet:<\/p>\n<p><a href=\"https:\/\/docs.google.com\/file\/d\/1DDO3jzllojTsN9WJ1HnhcXgNUzsfTn5JR54of73b-bM\/edit\">Proxy-Guidelines<\/a><\/p>\n<p><strong>Q: Waren das nicht mal nur die Proxies vom ESA\/WADO?<\/strong><\/p>\n<p>A: Wir haben uns dazu entschieden, die Begrenzung aufzuheben, weil sich keinerlei Probleme abgezeichnet haben, alle Proxies (nach sinnvollen Richtlinien) zu erlauben.<\/p>\n<p><strong>Q: Wie viele Proxies darf ich in meinem Deck spielen?<\/strong><\/p>\n<p>A: Aktuell gibt es keine Beschr\u00e4nkung, wie viele dieser Proxies sich in Deck+Sideboard befinden d\u00fcrfen. Wir behalten uns aber vor, gegebenenfalls eine einzuf\u00fchren, sollte es daf\u00fcr gute Gr\u00fcnde geben, halten das aber f\u00fcr unwahrscheinlich.<\/p>\n","protected":false},"excerpt":{"rendered":"<p>FAQ zur Proxy-Handhabung beim Win A Dual Open (WADO) Q: Was f\u00fcr Proxies sind erlaubt? A: Wir richten uns nach den Proxy Guidelines der European Legacy Masters, die Ihr hier findet: Proxy-Guidelines Q: Waren das nicht mal nur die Proxies vom ESA\/WADO? A: Wir haben uns dazu entschieden, die Begrenzung aufzuheben, weil sich keinerlei Probleme [&hellip;]<\/p>\n","protected":false},"author":1,"featured_media":0,"parent":0,"menu_order":0,"comment_status":"closed","ping_status":"closed","template":"","meta":{"footnotes":""},"class_list":["post-1482","page","type-page","status-publish","hentry"],"_links":{"self":[{"href":"https:\/\/winadual.de\/index.php?rest_route=\/wp\/v2\/pages\/1482","targetHints":{"allow":["GET"]}}],"collection":[{"href":"https:\/\/winadual.de\/index.php?rest_route=\/wp\/v2\/pages"}],"about":[{"href":"https:\/\/winadual.de\/index.php?rest_route=\/wp\/v2\/types\/page"}],"author":[{"embeddable":true,"href":"https:\/\/winadual.de\/index.php?rest_route=\/wp\/v2\/users\/1"}],"replies":[{"embeddable":true,"href":"https:\/\/winadual.de\/index.php?rest_route=%2Fwp%2Fv2%2Fcomments&post=1482"}],"version-history":[{"count":6,"href":"https:\/\/winadual.de\/index.php?rest_route=\/wp\/v2\/pages\/1482\/revisions"}],"predecessor-version":[{"id":1881,"href":"https:\/\/winadual.de\/index.php?rest_route=\/wp\/v2\/pages\/1482\/revisions\/1881"}],"wp:attachment":[{"href":"https:\/\/winadual.de\/index.php?rest_route=%2Fwp%2Fv2%2Fmedia&parent=1482"}],"curies":[{"name":"wp","href":"https:\/\/api.w.org\/{rel}","templated":true}]}}