{"id":150,"date":"2014-03-17T11:26:43","date_gmt":"2014-03-17T11:26:43","guid":{"rendered":"http:\/\/winadual.de\/?page_id=150"},"modified":"2015-01-26T12:14:19","modified_gmt":"2015-01-26T12:14:19","slug":"jahreswertung","status":"publish","type":"page","link":"https:\/\/winadual.de\/?page_id=150","title":{"rendered":"Jahreswertung 2014"},"content":{"rendered":"<p style=\"text-align: left;\">Jeder Spieler, der an einem Win A Dual besser als X-X geht, bekommt so viele Punkte, wie er in den final Standings hatte. Der erste Platz erh\u00e4lt einen Gutschein \u00fcber 45 Euro, der zweite Platz einen \u00fcber 30 und der dritte Platz einen \u00fcber 15 Euro.<\/p>\n<p style=\"text-align: left;\">Die aktuelle Saison ist zu Ende. Die finale Rangliste sieht aus wie folgt:<\/p>\n<table style=\"height: 2166px;\" width=\"586\">\n<tbody>\n<tr>\n<td style=\"text-align: center;\" width=\"149\"><strong>Rang<\/strong><\/td>\n<td style=\"text-align: center;\" width=\"149\"><strong>Name<\/strong><\/td>\n<td style=\"text-align: center;\" width=\"149\"><strong>Punkte<\/strong><\/td>\n<\/tr>\n<tr style=\"background-color: #eef078;\">\n<td style=\"text-align: center;\">1<\/td>\n<td style=\"text-align: center;\">Dominik St\u00fctzle<\/td>\n<td style=\"text-align: center;\">56<\/td>\n<\/tr>\n<tr style=\"background-color: #d4cfcf;\">\n<td style=\"text-align: center;\">2<\/td>\n<td style=\"text-align: center;\">Julius Alves<\/td>\n<td style=\"text-align: center;\">55<\/td>\n<\/tr>\n<tr style=\"background-color: #fa7f32;\">\n<td style=\"text-align: center;\">3<\/td>\n<td style=\"text-align: center;\">Christian Lanninger<\/td>\n<td style=\"text-align: center;\">49<\/td>\n<\/tr>\n<tr>\n<td style=\"text-align: center;\">4<\/td>\n<td style=\"text-align: center;\">Daniel Heyer<\/td>\n<td style=\"text-align: center;\">48<\/td>\n<\/tr>\n<tr>\n<td style=\"text-align: center;\">5<\/td>\n<td style=\"text-align: center;\">Brian Trescher<\/td>\n<td style=\"text-align: center;\">39<\/td>\n<\/tr>\n<tr>\n<td style=\"text-align: center;\">6<\/td>\n<td style=\"text-align: center;\">Jens H\u00f6r<\/td>\n<td style=\"text-align: center;\">37<\/td>\n<\/tr>\n<tr>\n<td style=\"text-align: center;\">6<\/td>\n<td style=\"text-align: center;\">Michael Sommer<\/td>\n<td style=\"text-align: center;\">37<\/td>\n<\/tr>\n<tr>\n<td style=\"text-align: center;\">8<\/td>\n<td style=\"text-align: center;\">Tobias Maucher<\/td>\n<td style=\"text-align: center;\">35<\/td>\n<\/tr>\n<tr>\n<td style=\"text-align: center;\">9<\/td>\n<td style=\"text-align: center;\">Gideon Zipprich<\/td>\n<td style=\"text-align: center;\">34<\/td>\n<\/tr>\n<tr>\n<td style=\"text-align: center;\">10<\/td>\n<td style=\"text-align: center;\">Gerrit Oeberest<\/td>\n<td style=\"text-align: center;\">31<\/td>\n<\/tr>\n<tr>\n<td style=\"text-align: center;\">11<\/td>\n<td style=\"text-align: center;\">Adrian Dziuba<\/td>\n<td style=\"text-align: center;\">30<\/td>\n<\/tr>\n<tr>\n<td style=\"text-align: center;\">12<\/td>\n<td style=\"text-align: center;\">Wenzel Krautmann<\/td>\n<td style=\"text-align: center;\">28<\/td>\n<\/tr>\n<tr>\n<td style=\"text-align: center;\">12<\/td>\n<td style=\"text-align: center;\">Dominik Raitzig<\/td>\n<td style=\"text-align: center;\">28<\/td>\n<\/tr>\n<tr>\n<td style=\"text-align: center;\">14<\/td>\n<td style=\"text-align: center;\">Miso Gavrilovic<\/td>\n<td style=\"text-align: center;\">27<\/td>\n<\/tr>\n<tr>\n<td style=\"text-align: center;\">14<\/td>\n<td style=\"text-align: center;\">Florian Scholz<\/td>\n<td style=\"text-align: center;\">27<\/td>\n<\/tr>\n<tr>\n<td style=\"text-align: center;\">14<\/td>\n<td style=\"text-align: center;\">Ulrich Wilke<\/td>\n<td style=\"text-align: center;\">27<\/td>\n<\/tr>\n<tr>\n<td style=\"text-align: center;\">14<\/td>\n<td style=\"text-align: center;\">Karl Woell<\/td>\n<td style=\"text-align: center;\">27<\/td>\n<\/tr>\n<tr>\n<td style=\"text-align: center;\">18<\/td>\n<td style=\"text-align: center;\">Raphael Werder<\/td>\n<td style=\"text-align: center;\">25<\/td>\n<\/tr>\n<tr>\n<td style=\"text-align: center;\">19<\/td>\n<td style=\"text-align: center;\">JD Helm<\/td>\n<td style=\"text-align: center;\">24<\/td>\n<\/tr>\n<tr>\n<td style=\"text-align: center;\">19<\/td>\n<td style=\"text-align: center;\">Oliver Oey<\/td>\n<td style=\"text-align: center;\">24<\/td>\n<\/tr>\n<tr>\n<td style=\"text-align: center;\">21<\/td>\n<td style=\"text-align: center;\">Michael Spaun<\/td>\n<td style=\"text-align: center;\">22<\/td>\n<\/tr>\n<tr>\n<td style=\"text-align: center;\">22<\/td>\n<td style=\"text-align: center;\">Axel Weber<\/td>\n<td style=\"text-align: center;\">21<\/td>\n<\/tr>\n<tr>\n<td style=\"text-align: center;\">23<\/td>\n<td style=\"text-align: center;\">Peter J\u00f6chle<\/td>\n<td style=\"text-align: center;\">19<\/td>\n<\/tr>\n<tr>\n<td style=\"text-align: center;\">24<\/td>\n<td style=\"text-align: center;\">Stefan Czolk<\/td>\n<td style=\"text-align: center;\">18<\/td>\n<\/tr>\n<tr>\n<td style=\"text-align: center;\">25<\/td>\n<td style=\"text-align: center;\">Christian Deibler<\/td>\n<td style=\"text-align: center;\">16<\/td>\n<\/tr>\n<tr>\n<td style=\"text-align: center;\">25<\/td>\n<td style=\"text-align: center;\">Michael Link<\/td>\n<td style=\"text-align: center;\">16<\/td>\n<\/tr>\n<tr>\n<td style=\"text-align: center;\">27<\/td>\n<td style=\"text-align: center;\">Jack Casey<\/td>\n<td style=\"text-align: center;\">15<\/td>\n<\/tr>\n<tr>\n<td style=\"text-align: center;\">27<\/td>\n<td style=\"text-align: center;\">Daniel M\u00fcller<\/td>\n<td style=\"text-align: center;\">15<\/td>\n<\/tr>\n<tr>\n<td style=\"text-align: center;\">27<\/td>\n<td style=\"text-align: center;\">Tanne Nguyen<\/td>\n<td style=\"text-align: center;\">15<\/td>\n<\/tr>\n<tr>\n<td style=\"text-align: center;\">30<\/td>\n<td style=\"text-align: center;\">Tobias Seifert<\/td>\n<td style=\"text-align: center;\">14<\/td>\n<\/tr>\n<tr>\n<td style=\"text-align: center;\">31<\/td>\n<td style=\"text-align: center;\">Daniel Ott<\/td>\n<td style=\"text-align: center;\">13<\/td>\n<\/tr>\n<tr>\n<td style=\"text-align: center;\">32<\/td>\n<td style=\"text-align: center;\">Patrick Baumann<\/td>\n<td style=\"text-align: center;\">12<\/td>\n<\/tr>\n<tr>\n<td style=\"text-align: center;\">32<\/td>\n<td style=\"text-align: center;\">Martin Born<\/td>\n<td style=\"text-align: center;\">12<\/td>\n<\/tr>\n<tr>\n<td style=\"text-align: center;\">32<\/td>\n<td style=\"text-align: center;\">Stephan Fink<\/td>\n<td style=\"text-align: center;\">12<\/td>\n<\/tr>\n<tr>\n<td style=\"text-align: center;\">32<\/td>\n<td style=\"text-align: center;\">Felix Gebel<\/td>\n<td style=\"text-align: center;\">12<\/td>\n<\/tr>\n<tr>\n<td style=\"text-align: center;\">32<\/td>\n<td style=\"text-align: center;\">Felix Hasenfratz<\/td>\n<td style=\"text-align: center;\">12<\/td>\n<\/tr>\n<tr>\n<td style=\"text-align: center;\">32<\/td>\n<td style=\"text-align: center;\">Armin Heinrich<\/td>\n<td style=\"text-align: center;\">12<\/td>\n<\/tr>\n<tr>\n<td style=\"text-align: center;\">32<\/td>\n<td style=\"text-align: center;\">Marvin Hei\u00df<\/td>\n<td style=\"text-align: center;\">12<\/td>\n<\/tr>\n<tr>\n<td style=\"text-align: center;\">32<\/td>\n<td style=\"text-align: center;\">Fabian H\u00f6hl<\/td>\n<td style=\"text-align: center;\">12<\/td>\n<\/tr>\n<tr>\n<td style=\"text-align: center;\">32<\/td>\n<td style=\"text-align: center;\">Ernest Keib<\/td>\n<td style=\"text-align: center;\">12<\/td>\n<\/tr>\n<tr>\n<td style=\"text-align: center;\">32<\/td>\n<td style=\"text-align: center;\">Sven Klein<\/td>\n<td style=\"text-align: center;\">12<\/td>\n<\/tr>\n<tr>\n<td style=\"text-align: center;\">32<\/td>\n<td style=\"text-align: center;\">Manuel Mayer<\/td>\n<td style=\"text-align: center;\">12<\/td>\n<\/tr>\n<tr>\n<td style=\"text-align: center;\">32<\/td>\n<td style=\"text-align: center;\">Dominik Muench<\/td>\n<td style=\"text-align: center;\">12<\/td>\n<\/tr>\n<tr>\n<td style=\"text-align: center;\">32<\/td>\n<td style=\"text-align: center;\">Dominic Schmied<\/td>\n<td style=\"text-align: center;\">12<\/td>\n<\/tr>\n<tr>\n<td style=\"text-align: center;\">32<\/td>\n<td style=\"text-align: center;\">Moritz Siegler<\/td>\n<td style=\"text-align: center;\">12<\/td>\n<\/tr>\n<tr>\n<td style=\"text-align: center;\">32<\/td>\n<td style=\"text-align: center;\">Thomas Wandkowsky<\/td>\n<td style=\"text-align: center;\">12<\/td>\n<\/tr>\n<tr>\n<td style=\"text-align: center;\">47<\/td>\n<td style=\"text-align: center;\">Evgeny Sheygal<\/td>\n<td style=\"text-align: center;\">11<\/td>\n<\/tr>\n<tr>\n<td style=\"text-align: center;\">48<\/td>\n<td style=\"text-align: center;\">Gerhard Eppler<\/td>\n<td style=\"text-align: center;\">10<\/td>\n<\/tr>\n<tr>\n<td style=\"text-align: center;\">48<\/td>\n<td style=\"text-align: center;\">Simon Peter Henkes<\/td>\n<td style=\"text-align: center;\">10<\/td>\n<\/tr>\n<tr>\n<td style=\"text-align: center;\">48<\/td>\n<td style=\"text-align: center;\">Adrian Methner<\/td>\n<td style=\"text-align: center;\">10<\/td>\n<\/tr>\n<tr>\n<td style=\"text-align: center;\">48<\/td>\n<td style=\"text-align: center;\">Sean Sagendorf<\/td>\n<td style=\"text-align: center;\">10<\/td>\n<\/tr>\n<tr>\n<td style=\"text-align: center;\">48<\/td>\n<td style=\"text-align: center;\">Dennis Wiedmann<\/td>\n<td style=\"text-align: center;\">10<\/td>\n<\/tr>\n<tr>\n<td style=\"text-align: center;\">48<\/td>\n<td style=\"text-align: center;\">Michael Znidar<\/td>\n<td style=\"text-align: center;\">10<\/td>\n<\/tr>\n<tr>\n<td style=\"text-align: center;\">54<\/td>\n<td style=\"text-align: center;\">Alexander D\u00f6rr<\/td>\n<td style=\"text-align: center;\">9<\/td>\n<\/tr>\n<tr>\n<td style=\"text-align: center;\">54<\/td>\n<td style=\"text-align: center;\">Robert Edelmann<\/td>\n<td style=\"text-align: center;\">9<\/td>\n<\/tr>\n<tr>\n<td style=\"text-align: center;\">54<\/td>\n<td style=\"text-align: center;\">Patrick Hartmann<\/td>\n<td style=\"text-align: center;\">9<\/td>\n<\/tr>\n<tr>\n<td style=\"text-align: center;\">54<\/td>\n<td style=\"text-align: center;\">Christian Moser<\/td>\n<td style=\"text-align: center;\">9<\/td>\n<\/tr>\n<tr>\n<td style=\"text-align: center;\">54<\/td>\n<td style=\"text-align: center;\">Felix Weber<\/td>\n<td style=\"text-align: center;\">9<\/td>\n<\/tr>\n<tr>\n<td style=\"text-align: center;\">59<\/td>\n<td style=\"text-align: center;\">Benjamin Sch\u00fcrch<\/td>\n<td style=\"text-align: center;\">7<\/td>\n<\/tr>\n<\/tbody>\n<\/table>\n","protected":false},"excerpt":{"rendered":"<p>Jeder Spieler, der an einem Win A Dual besser als X-X geht, bekommt so viele Punkte, wie er in den final Standings hatte. Der erste Platz erh\u00e4lt einen Gutschein \u00fcber 45 Euro, der zweite Platz einen \u00fcber 30 und der dritte Platz einen \u00fcber 15 Euro. Die aktuelle Saison ist zu Ende. Die finale Rangliste [&hellip;]<\/p>\n","protected":false},"author":1,"featured_media":0,"parent":0,"menu_order":0,"comment_status":"open","ping_status":"open","template":"","meta":{"footnotes":""},"class_list":["post-150","page","type-page","status-publish","hentry"],"_links":{"self":[{"href":"https:\/\/winadual.de\/index.php?rest_route=\/wp\/v2\/pages\/150","targetHints":{"allow":["GET"]}}],"collection":[{"href":"https:\/\/winadual.de\/index.php?rest_route=\/wp\/v2\/pages"}],"about":[{"href":"https:\/\/winadual.de\/index.php?rest_route=\/wp\/v2\/types\/page"}],"author":[{"embeddable":true,"href":"https:\/\/winadual.de\/index.php?rest_route=\/wp\/v2\/users\/1"}],"replies":[{"embeddable":true,"href":"https:\/\/winadual.de\/index.php?rest_route=%2Fwp%2Fv2%2Fcomments&post=150"}],"version-history":[{"count":15,"href":"https:\/\/winadual.de\/index.php?rest_route=\/wp\/v2\/pages\/150\/revisions"}],"predecessor-version":[{"id":411,"href":"https:\/\/winadual.de\/index.php?rest_route=\/wp\/v2\/pages\/150\/revisions\/411"}],"wp:attachment":[{"href":"https:\/\/winadual.de\/index.php?rest_route=%2Fwp%2Fv2%2Fmedia&parent=150"}],"curies":[{"name":"wp","href":"https:\/\/api.w.org\/{rel}","templated":true}]}}