{"id":1566,"date":"2023-03-05T15:10:03","date_gmt":"2023-03-05T15:10:03","guid":{"rendered":"https:\/\/winadual.de\/?page_id=1566"},"modified":"2023-11-14T19:43:49","modified_gmt":"2023-11-14T19:43:49","slug":"jahreswertung-2023","status":"publish","type":"page","link":"https:\/\/winadual.de\/?page_id=1566","title":{"rendered":"Jahreswertung 2023"},"content":{"rendered":"\n<p>Die finale Jahreswertung f\u00fcr 2023 sieht wie folgt aus:<\/p>\n<table dir=\"ltr\" style=\"width: 100%; height: 621px;\" border=\"1\" cellspacing=\"0\" cellpadding=\"0\"><colgroup><col width=\"76\" \/><col width=\"76\" \/><col width=\"76\" \/><\/colgroup>\n<tbody>\n<tr style=\"height: 23px;\">\n<td style=\"height: 23px;\" data-sheets-value=\"{&quot;1&quot;:2,&quot;2&quot;:&quot;Rang&quot;}\">Rang<\/td>\n<td style=\"height: 23px;\" data-sheets-value=\"{&quot;1&quot;:2,&quot;2&quot;:&quot;Punkte&quot;}\">Punkte<\/td>\n<td style=\"height: 23px;\" data-sheets-value=\"{&quot;1&quot;:2,&quot;2&quot;:&quot;Name&quot;}\">Name<\/td>\n<\/tr>\n<tr style=\"height: 23px;\">\n<td style=\"height: 23px;\" data-sheets-value=\"{&quot;1&quot;:3,&quot;3&quot;:1}\">1<\/td>\n<td style=\"height: 23px;\" data-sheets-value=\"{&quot;1&quot;:3,&quot;3&quot;:77}\">77<\/td>\n<td style=\"height: 23px;\" data-sheets-value=\"{&quot;1&quot;:2,&quot;2&quot;:&quot;Raphael Werder&quot;}\">Raphael Werder<\/td>\n<\/tr>\n<tr style=\"height: 23px;\">\n<td style=\"height: 23px;\" data-sheets-value=\"{&quot;1&quot;:3,&quot;3&quot;:2}\">2<\/td>\n<td style=\"height: 23px;\" data-sheets-value=\"{&quot;1&quot;:3,&quot;3&quot;:76}\">76<\/td>\n<td style=\"height: 23px;\" data-sheets-value=\"{&quot;1&quot;:2,&quot;2&quot;:&quot;Dominik St\u00fctzle&quot;}\">Dominik St\u00fctzle<\/td>\n<\/tr>\n<tr style=\"height: 23px;\">\n<td style=\"height: 23px;\" data-sheets-value=\"{&quot;1&quot;:3,&quot;3&quot;:3}\">3<\/td>\n<td style=\"height: 23px;\" data-sheets-value=\"{&quot;1&quot;:3,&quot;3&quot;:75}\">75<\/td>\n<td style=\"height: 23px;\" data-sheets-value=\"{&quot;1&quot;:2,&quot;2&quot;:&quot;Markus J\u00fclich&quot;}\">Markus J\u00fclich<\/td>\n<\/tr>\n<tr style=\"height: 23px;\">\n<td style=\"height: 23px;\" data-sheets-value=\"{&quot;1&quot;:3,&quot;3&quot;:4}\">4<\/td>\n<td style=\"height: 23px;\" data-sheets-value=\"{&quot;1&quot;:3,&quot;3&quot;:70}\">70<\/td>\n<td style=\"height: 23px;\" data-sheets-value=\"{&quot;1&quot;:2,&quot;2&quot;:&quot;Adrian Dziuba&quot;}\">Adrian Dziuba<\/td>\n<\/tr>\n<tr style=\"height: 23px;\">\n<td style=\"height: 23px;\" data-sheets-value=\"{&quot;1&quot;:3,&quot;3&quot;:5}\">5<\/td>\n<td style=\"height: 23px;\" data-sheets-value=\"{&quot;1&quot;:3,&quot;3&quot;:68}\">68<\/td>\n<td style=\"height: 23px;\" data-sheets-value=\"{&quot;1&quot;:2,&quot;2&quot;:&quot;Florian Marx&quot;}\">Florian Marx<\/td>\n<\/tr>\n<tr style=\"height: 23px;\">\n<td style=\"height: 23px;\" data-sheets-value=\"{&quot;1&quot;:3,&quot;3&quot;:6}\">6<\/td>\n<td style=\"height: 23px;\" data-sheets-value=\"{&quot;1&quot;:3,&quot;3&quot;:67}\">67<\/td>\n<td style=\"height: 23px;\" data-sheets-value=\"{&quot;1&quot;:2,&quot;2&quot;:&quot;Stephan Kaiser&quot;}\">Stephan Kaiser<\/td>\n<\/tr>\n<tr style=\"height: 23px;\">\n<td style=\"height: 23px;\" data-sheets-value=\"{&quot;1&quot;:3,&quot;3&quot;:7}\">7<\/td>\n<td style=\"height: 23px;\" data-sheets-value=\"{&quot;1&quot;:3,&quot;3&quot;:66}\">66<\/td>\n<td style=\"height: 23px;\" data-sheets-value=\"{&quot;1&quot;:2,&quot;2&quot;:&quot;Tobias Fischer&quot;}\">Tobias Fischer<\/td>\n<\/tr>\n<tr style=\"height: 23px;\">\n<td style=\"height: 23px;\" data-sheets-value=\"{&quot;1&quot;:3,&quot;3&quot;:8}\">8<\/td>\n<td style=\"height: 23px;\" data-sheets-value=\"{&quot;1&quot;:3,&quot;3&quot;:59}\">59<\/td>\n<td style=\"height: 23px;\" data-sheets-value=\"{&quot;1&quot;:2,&quot;2&quot;:&quot;Bernd Zeitler&quot;}\">Bernd Zeitler<\/td>\n<\/tr>\n<tr style=\"height: 23px;\">\n<td style=\"height: 23px;\" data-sheets-value=\"{&quot;1&quot;:3,&quot;3&quot;:8}\">8<\/td>\n<td style=\"height: 23px;\" data-sheets-value=\"{&quot;1&quot;:3,&quot;3&quot;:59}\">59<\/td>\n<td style=\"height: 23px;\" data-sheets-value=\"{&quot;1&quot;:2,&quot;2&quot;:&quot;Christian Moser&quot;}\">Christian Moser<\/td>\n<\/tr>\n<tr style=\"height: 23px;\">\n<td style=\"height: 23px;\" data-sheets-value=\"{&quot;1&quot;:3,&quot;3&quot;:10}\">10<\/td>\n<td style=\"height: 23px;\" data-sheets-value=\"{&quot;1&quot;:3,&quot;3&quot;:53}\">53<\/td>\n<td style=\"height: 23px;\" data-sheets-value=\"{&quot;1&quot;:2,&quot;2&quot;:&quot;Samuel Mistygatz&quot;}\">Samuel Mistygatz<\/td>\n<\/tr>\n<tr style=\"height: 23px;\">\n<td style=\"height: 23px;\" data-sheets-value=\"{&quot;1&quot;:3,&quot;3&quot;:11}\">11<\/td>\n<td style=\"height: 23px;\" data-sheets-value=\"{&quot;1&quot;:3,&quot;3&quot;:51}\">51<\/td>\n<td style=\"height: 23px;\" data-sheets-value=\"{&quot;1&quot;:2,&quot;2&quot;:&quot;Christoph Sickler&quot;}\">Christoph Sickler<\/td>\n<\/tr>\n<tr style=\"height: 23px;\">\n<td style=\"height: 23px;\" data-sheets-value=\"{&quot;1&quot;:3,&quot;3&quot;:12}\">12<\/td>\n<td style=\"height: 23px;\" data-sheets-value=\"{&quot;1&quot;:3,&quot;3&quot;:50}\">50<\/td>\n<td style=\"height: 23px;\" data-sheets-value=\"{&quot;1&quot;:2,&quot;2&quot;:&quot;Max Eichler&quot;}\">Max Eichler<\/td>\n<\/tr>\n<tr style=\"height: 23px;\">\n<td style=\"height: 23px;\" data-sheets-value=\"{&quot;1&quot;:3,&quot;3&quot;:13}\">13<\/td>\n<td style=\"height: 23px;\" data-sheets-value=\"{&quot;1&quot;:3,&quot;3&quot;:47}\">47<\/td>\n<td style=\"height: 23px;\" data-sheets-value=\"{&quot;1&quot;:2,&quot;2&quot;:&quot;Steffen Stepper&quot;}\">Steffen Stepper<\/td>\n<\/tr>\n<tr style=\"height: 23px;\">\n<td style=\"height: 23px;\" data-sheets-value=\"{&quot;1&quot;:3,&quot;3&quot;:14}\">14<\/td>\n<td style=\"height: 23px;\" data-sheets-value=\"{&quot;1&quot;:3,&quot;3&quot;:46}\">46<\/td>\n<td style=\"height: 23px;\" data-sheets-value=\"{&quot;1&quot;:2,&quot;2&quot;:&quot;Sven W\u00f6hrle&quot;}\">Sven W\u00f6hrle<\/td>\n<\/tr>\n<tr style=\"height: 23px;\">\n<td style=\"height: 23px;\" data-sheets-value=\"{&quot;1&quot;:3,&quot;3&quot;:15}\">15<\/td>\n<td style=\"height: 23px;\" data-sheets-value=\"{&quot;1&quot;:3,&quot;3&quot;:44}\">44<\/td>\n<td style=\"height: 23px;\" data-sheets-value=\"{&quot;1&quot;:2,&quot;2&quot;:&quot;George Baxter&quot;}\">George Baxter<\/td>\n<\/tr>\n<tr style=\"height: 23px;\">\n<td style=\"height: 23px;\" data-sheets-value=\"{&quot;1&quot;:3,&quot;3&quot;:16}\">16<\/td>\n<td style=\"height: 23px;\" data-sheets-value=\"{&quot;1&quot;:3,&quot;3&quot;:42}\">42<\/td>\n<td style=\"height: 23px;\" data-sheets-value=\"{&quot;1&quot;:2,&quot;2&quot;:&quot;Stefanie Werner&quot;}\">Stefanie Werner<\/td>\n<\/tr>\n<tr style=\"height: 23px;\">\n<td style=\"height: 23px;\" data-sheets-value=\"{&quot;1&quot;:3,&quot;3&quot;:17}\">17<\/td>\n<td style=\"height: 23px;\" data-sheets-value=\"{&quot;1&quot;:3,&quot;3&quot;:41}\">41<\/td>\n<td style=\"height: 23px;\" data-sheets-value=\"{&quot;1&quot;:2,&quot;2&quot;:&quot;Nils Jungjohann&quot;}\">Nils Jungjohann<\/td>\n<\/tr>\n<tr style=\"height: 23px;\">\n<td style=\"height: 23px;\" data-sheets-value=\"{&quot;1&quot;:3,&quot;3&quot;:18}\">18<\/td>\n<td style=\"height: 23px;\" data-sheets-value=\"{&quot;1&quot;:3,&quot;3&quot;:40}\">40<\/td>\n<td style=\"height: 23px;\" data-sheets-value=\"{&quot;1&quot;:2,&quot;2&quot;:&quot;Sebastian Hoffmeister&quot;}\">Sebastian Hoffmeister<\/td>\n<\/tr>\n<tr style=\"height: 23px;\">\n<td style=\"height: 23px;\" data-sheets-value=\"{&quot;1&quot;:3,&quot;3&quot;:19}\">19<\/td>\n<td style=\"height: 23px;\" data-sheets-value=\"{&quot;1&quot;:3,&quot;3&quot;:39}\">39<\/td>\n<td style=\"height: 23px;\" data-sheets-value=\"{&quot;1&quot;:2,&quot;2&quot;:&quot;Marc Bietz&quot;}\">Marc Bietz<\/td>\n<\/tr>\n<tr style=\"height: 23px;\">\n<td style=\"height: 23px;\" data-sheets-value=\"{&quot;1&quot;:3,&quot;3&quot;:19}\">19<\/td>\n<td style=\"height: 23px;\" data-sheets-value=\"{&quot;1&quot;:3,&quot;3&quot;:39}\">39<\/td>\n<td style=\"height: 23px;\" data-sheets-value=\"{&quot;1&quot;:2,&quot;2&quot;:&quot;Tobias Hafner&quot;}\">Tobias Hafner<\/td>\n<\/tr>\n<tr style=\"height: 23px;\">\n<td style=\"height: 23px;\" data-sheets-value=\"{&quot;1&quot;:3,&quot;3&quot;:21}\">21<\/td>\n<td style=\"height: 23px;\" data-sheets-value=\"{&quot;1&quot;:3,&quot;3&quot;:38}\">38<\/td>\n<td style=\"height: 23px;\" data-sheets-value=\"{&quot;1&quot;:2,&quot;2&quot;:&quot;Stefan Schnack&quot;}\">Stefan Schnack<\/td>\n<\/tr>\n<tr style=\"height: 23px;\">\n<td style=\"height: 23px;\" data-sheets-value=\"{&quot;1&quot;:3,&quot;3&quot;:22}\">22<\/td>\n<td style=\"height: 23px;\" data-sheets-value=\"{&quot;1&quot;:3,&quot;3&quot;:37}\">37<\/td>\n<td style=\"height: 23px;\" data-sheets-value=\"{&quot;1&quot;:2,&quot;2&quot;:&quot;Florian Poppe&quot;}\">Florian Poppe<\/td>\n<\/tr>\n<tr style=\"height: 23px;\">\n<td style=\"height: 23px;\" data-sheets-value=\"{&quot;1&quot;:3,&quot;3&quot;:22}\">22<\/td>\n<td style=\"height: 23px;\" data-sheets-value=\"{&quot;1&quot;:3,&quot;3&quot;:37}\">37<\/td>\n<td style=\"height: 23px;\" data-sheets-value=\"{&quot;1&quot;:2,&quot;2&quot;:&quot;Johannes Gutbrod&quot;}\">Johannes Gutbrod<\/td>\n<\/tr>\n<tr style=\"height: 23px;\">\n<td style=\"height: 23px;\" data-sheets-value=\"{&quot;1&quot;:3,&quot;3&quot;:24}\">24<\/td>\n<td style=\"height: 23px;\" data-sheets-value=\"{&quot;1&quot;:3,&quot;3&quot;:34}\">34<\/td>\n<td style=\"height: 23px;\" data-sheets-value=\"{&quot;1&quot;:2,&quot;2&quot;:&quot;Gerd Nagy&quot;}\">Gerd Nagy<\/td>\n<\/tr>\n<tr style=\"height: 23px;\">\n<td style=\"height: 23px;\" data-sheets-value=\"{&quot;1&quot;:3,&quot;3&quot;:24}\">24<\/td>\n<td style=\"height: 23px;\" data-sheets-value=\"{&quot;1&quot;:3,&quot;3&quot;:34}\">34<\/td>\n<td style=\"height: 23px;\" data-sheets-value=\"{&quot;1&quot;:2,&quot;2&quot;:&quot;Gero Seipel&quot;}\">Gero Seipel<\/td>\n<\/tr>\n<tr style=\"height: 23px;\">\n<td style=\"height: 23px;\" data-sheets-value=\"{&quot;1&quot;:3,&quot;3&quot;:24}\">24<\/td>\n<td style=\"height: 23px;\" data-sheets-value=\"{&quot;1&quot;:3,&quot;3&quot;:34}\">34<\/td>\n<td style=\"height: 23px;\" data-sheets-value=\"{&quot;1&quot;:2,&quot;2&quot;:&quot;Philipp Altmann&quot;}\">Philipp Altmann<\/td>\n<\/tr>\n<\/tbody>\n<\/table>\n\n\n\n<p>Herzlichen Gl\u00fcckwunsch an die erfolgreichen Teilnehmer!<\/p>\n","protected":false},"excerpt":{"rendered":"<p>Die finale Jahreswertung f\u00fcr 2023 sieht wie folgt aus: Rang Punkte Name 1 77 Raphael Werder 2 76 Dominik St\u00fctzle 3 75 Markus J\u00fclich 4 70 Adrian Dziuba 5 68 Florian Marx 6 67 Stephan Kaiser 7 66 Tobias Fischer 8 59 Bernd Zeitler 8 59 Christian Moser 10 53 Samuel Mistygatz 11 51 Christoph [&hellip;]<\/p>\n","protected":false},"author":1,"featured_media":0,"parent":0,"menu_order":0,"comment_status":"closed","ping_status":"closed","template":"","meta":{"footnotes":""},"class_list":["post-1566","page","type-page","status-publish","hentry"],"_links":{"self":[{"href":"https:\/\/winadual.de\/index.php?rest_route=\/wp\/v2\/pages\/1566","targetHints":{"allow":["GET"]}}],"collection":[{"href":"https:\/\/winadual.de\/index.php?rest_route=\/wp\/v2\/pages"}],"about":[{"href":"https:\/\/winadual.de\/index.php?rest_route=\/wp\/v2\/types\/page"}],"author":[{"embeddable":true,"href":"https:\/\/winadual.de\/index.php?rest_route=\/wp\/v2\/users\/1"}],"replies":[{"embeddable":true,"href":"https:\/\/winadual.de\/index.php?rest_route=%2Fwp%2Fv2%2Fcomments&post=1566"}],"version-history":[{"count":8,"href":"https:\/\/winadual.de\/index.php?rest_route=\/wp\/v2\/pages\/1566\/revisions"}],"predecessor-version":[{"id":1834,"href":"https:\/\/winadual.de\/index.php?rest_route=\/wp\/v2\/pages\/1566\/revisions\/1834"}],"wp:attachment":[{"href":"https:\/\/winadual.de\/index.php?rest_route=%2Fwp%2Fv2%2Fmedia&parent=1566"}],"curies":[{"name":"wp","href":"https:\/\/api.w.org\/{rel}","templated":true}]}}