{"id":2,"date":"2011-12-28T11:59:57","date_gmt":"2011-12-28T11:59:57","guid":{"rendered":"http:\/\/winadual.de\/\/?page_id=2"},"modified":"2022-11-30T08:58:29","modified_gmt":"2022-11-30T08:58:29","slug":"beispiel-seite","status":"publish","type":"page","link":"https:\/\/winadual.de\/?page_id=2","title":{"rendered":"Veranstaltungsort"},"content":{"rendered":"<p>Das Event findet Josef-Unger-Haus T\u00fcbingen statt. Hier die Adresse<\/p>\n<p>St\u00f6cklestr. 36<br \/>\nD-72070 T\u00fcbingen<\/p>\n<p>Die Parksituation ist leider etwas beschr\u00e4nkt, daher nach M\u00f6glichkeit gesammelt oder mit \u00f6ffentlichen Verkehrsmitteln anreisen. Es gibt im Zweifel nicht all zu weit entfernt das Parkhaus K\u00f6nig<\/p>\n","protected":false},"excerpt":{"rendered":"<p>Das Event findet Josef-Unger-Haus T\u00fcbingen statt. Hier die Adresse St\u00f6cklestr. 36 D-72070 T\u00fcbingen Die Parksituation ist leider etwas beschr\u00e4nkt, daher nach M\u00f6glichkeit gesammelt oder mit \u00f6ffentlichen Verkehrsmitteln anreisen. Es gibt im Zweifel nicht all zu weit entfernt das Parkhaus K\u00f6nig<\/p>\n","protected":false},"author":1,"featured_media":0,"parent":0,"menu_order":0,"comment_status":"closed","ping_status":"closed","template":"","meta":{"footnotes":""},"class_list":["post-2","page","type-page","status-publish","hentry"],"_links":{"self":[{"href":"https:\/\/winadual.de\/index.php?rest_route=\/wp\/v2\/pages\/2","targetHints":{"allow":["GET"]}}],"collection":[{"href":"https:\/\/winadual.de\/index.php?rest_route=\/wp\/v2\/pages"}],"about":[{"href":"https:\/\/winadual.de\/index.php?rest_route=\/wp\/v2\/types\/page"}],"author":[{"embeddable":true,"href":"https:\/\/winadual.de\/index.php?rest_route=\/wp\/v2\/users\/1"}],"replies":[{"embeddable":true,"href":"https:\/\/winadual.de\/index.php?rest_route=%2Fwp%2Fv2%2Fcomments&post=2"}],"version-history":[{"count":6,"href":"https:\/\/winadual.de\/index.php?rest_route=\/wp\/v2\/pages\/2\/revisions"}],"predecessor-version":[{"id":1579,"href":"https:\/\/winadual.de\/index.php?rest_route=\/wp\/v2\/pages\/2\/revisions\/1579"}],"wp:attachment":[{"href":"https:\/\/winadual.de\/index.php?rest_route=%2Fwp%2Fv2%2Fmedia&parent=2"}],"curies":[{"name":"wp","href":"https:\/\/api.w.org\/{rel}","templated":true}]}}