{"id":360,"date":"2014-11-18T11:03:33","date_gmt":"2014-11-18T11:03:33","guid":{"rendered":"http:\/\/winadual.de\/?page_id=360"},"modified":"2018-09-24T11:33:10","modified_gmt":"2018-09-24T11:33:10","slug":"3cb-vom-09-11-14","status":"publish","type":"page","link":"https:\/\/winadual.de\/?page_id=360","title":{"rendered":"3CB vom WADO 10"},"content":{"rendered":"<p>Zum Jubil\u00e4um haben wir ein 3-Card Blind Turnier veranstaltet (Regeln findet Ihr <a href=\"https:\/\/winadual.de\/?page_id=342\">hier<\/a>). Es haben 29 Spieler daran teil genommen, so dass wir zwei kleine Turniere mit je 14\/15 Spielern daraus gemacht haben. Die Decklisten waren wie folgt, in Klammern dahinter die Punkte, die das Deck erzielt hat.<\/p>\n<p>Turnier 1:<\/p>\n<p>Deck 1 \u2013 Adrian Dziuba: <a class=\"deckbox_link\" target=\"_blank\" href=\"https:\/\/deckbox.org\/mtg\/Ensnaring Bridge\">Ensnaring Bridge<\/a>, <a class=\"deckbox_link\" target=\"_blank\" href=\"https:\/\/deckbox.org\/mtg\/Mishra\u2019s Workshop\">Mishra\u2019s Workshop<\/a>, <a class=\"deckbox_link\" target=\"_blank\" href=\"https:\/\/deckbox.org\/mtg\/Wheel of Torture\">Wheel of Torture<\/a> (24)<br \/>\nDeck 2 \u2013 Tim Jennerjahn: <a class=\"deckbox_link\" target=\"_blank\" href=\"https:\/\/deckbox.org\/mtg\/Black Lotus\">Black Lotus<\/a>, <a class=\"deckbox_link\" target=\"_blank\" href=\"https:\/\/deckbox.org\/mtg\/Channel\">Channel<\/a>, <a class=\"deckbox_link\" target=\"_blank\" href=\"https:\/\/deckbox.org\/mtg\/Emrakul, the Aeons Torn\">Emrakul, the Aeons Torn<\/a> (36)<br \/>\nDeck 3 \u2013 Jan-Lukas Kramer: <a class=\"deckbox_link\" target=\"_blank\" href=\"https:\/\/deckbox.org\/mtg\/Mindbreak Trap\">Mindbreak Trap<\/a>, <a class=\"deckbox_link\" target=\"_blank\" href=\"https:\/\/deckbox.org\/mtg\/Force of Will\">Force of Will<\/a>, <a class=\"deckbox_link\" target=\"_blank\" href=\"https:\/\/deckbox.org\/mtg\/Memnite\">Memnite<\/a> (38)<br \/>\nDeck 4 \u2013 Bogdan Tamrasssov: <a class=\"deckbox_link\" target=\"_blank\" href=\"https:\/\/deckbox.org\/mtg\/Dryad Arbor\">Dryad Arbor<\/a>, <a class=\"deckbox_link\" target=\"_blank\" href=\"https:\/\/deckbox.org\/mtg\/Noble Hierarch\">Noble Hierarch<\/a>, <a class=\"deckbox_link\" target=\"_blank\" href=\"https:\/\/deckbox.org\/mtg\/Path to Exile\">Path to Exile<\/a> (10)<br \/>\nDeck 5 \u2013 Michael Sommer: <a class=\"deckbox_link\" target=\"_blank\" href=\"https:\/\/deckbox.org\/mtg\/Mishra\u2019s Workshop\">Mishra\u2019s Workshop<\/a>, <a class=\"deckbox_link\" target=\"_blank\" href=\"https:\/\/deckbox.org\/mtg\/Trinisphere\">Trinisphere<\/a>, <a class=\"deckbox_link\" target=\"_blank\" href=\"https:\/\/deckbox.org\/mtg\/Steel Golem\">Steel Golem<\/a> (40)<br \/>\nDeck 6 \u2013 J\u00f6rg Lanz: <a class=\"deckbox_link\" target=\"_blank\" href=\"https:\/\/deckbox.org\/mtg\/Mountain\">Mountain<\/a>, <a class=\"deckbox_link\" target=\"_blank\" href=\"https:\/\/deckbox.org\/mtg\/Raze\">Raze<\/a>, <a class=\"deckbox_link\" target=\"_blank\" href=\"https:\/\/deckbox.org\/mtg\/Dryad Arbor\">Dryad Arbor<\/a> (25)<br \/>\nDeck 7 \u2013 Vuong Nyo: <a class=\"deckbox_link\" target=\"_blank\" href=\"https:\/\/deckbox.org\/mtg\/Raze\">Raze<\/a>, <a class=\"deckbox_link\" target=\"_blank\" href=\"https:\/\/deckbox.org\/mtg\/Mountain\">Mountain<\/a>, <a class=\"deckbox_link\" target=\"_blank\" href=\"https:\/\/deckbox.org\/mtg\/Dryad Arbor\">Dryad Arbor<\/a> (25)<br \/>\nDeck 8 \u2013 Boris Bengsch: <a class=\"deckbox_link\" target=\"_blank\" href=\"https:\/\/deckbox.org\/mtg\/Leyline of Singularity\">Leyline of Singularity<\/a>, <a class=\"deckbox_link\" target=\"_blank\" href=\"https:\/\/deckbox.org\/mtg\/Karakas\">Karakas<\/a>, <a class=\"deckbox_link\" target=\"_blank\" href=\"https:\/\/deckbox.org\/mtg\/Cenn\u2019s Tactician\">Cenn\u2019s Tactician<\/a> (24)<br \/>\nDeck 9 \u2013 Nico Alcolino: <a class=\"deckbox_link\" target=\"_blank\" href=\"https:\/\/deckbox.org\/mtg\/Black Lotus\">Black Lotus<\/a>, <a class=\"deckbox_link\" target=\"_blank\" href=\"https:\/\/deckbox.org\/mtg\/Channel\">Channel<\/a>, <a class=\"deckbox_link\" target=\"_blank\" href=\"https:\/\/deckbox.org\/mtg\/Emrakul, the Aeons Torn\">Emrakul, the Aeons Torn<\/a> (36)<br \/>\nDeck 10 \u2013 Sebastian Clewe: <a class=\"deckbox_link\" target=\"_blank\" href=\"https:\/\/deckbox.org\/mtg\/Force of Will\">Force of Will<\/a>, <a class=\"deckbox_link\" target=\"_blank\" href=\"https:\/\/deckbox.org\/mtg\/Snapback\">Snapback<\/a>, <a class=\"deckbox_link\" target=\"_blank\" href=\"https:\/\/deckbox.org\/mtg\/Dryad Arbor\">Dryad Arbor<\/a> (36)<br \/>\nDeck 11 \u2013 Dominik Raitzig: <a class=\"deckbox_link\" target=\"_blank\" href=\"https:\/\/deckbox.org\/mtg\/Mishra\u2019s Workshop\">Mishra\u2019s Workshop<\/a>, <a class=\"deckbox_link\" target=\"_blank\" href=\"https:\/\/deckbox.org\/mtg\/Ensnaring Bridge\">Ensnaring Bridge<\/a>, <a class=\"deckbox_link\" target=\"_blank\" href=\"https:\/\/deckbox.org\/mtg\/Scalding Tongs\">Scalding Tongs<\/a> (49)<br \/>\nDeck 12 \u2013 Marc Wandel: <a class=\"deckbox_link\" target=\"_blank\" href=\"https:\/\/deckbox.org\/mtg\/Black Lotus\">Black Lotus<\/a>, <a class=\"deckbox_link\" target=\"_blank\" href=\"https:\/\/deckbox.org\/mtg\/Leyline of Anticipation\">Leyline of Anticipation<\/a>, <a class=\"deckbox_link\" target=\"_blank\" href=\"https:\/\/deckbox.org\/mtg\/Magus of the Moon\">Magus of the Moon<\/a> (50)<br \/>\nDeck 13 \u2013 Thomas Wandkowsky: <a class=\"deckbox_link\" target=\"_blank\" href=\"https:\/\/deckbox.org\/mtg\/Chancelor of the Annex\">Chancelor of the Annex<\/a>, <a class=\"deckbox_link\" target=\"_blank\" href=\"https:\/\/deckbox.org\/mtg\/Fountain of Cho\">Fountain of Cho<\/a>, <a class=\"deckbox_link\" target=\"_blank\" href=\"https:\/\/deckbox.org\/mtg\/Path to Exile\">Path to Exile<\/a> (42)<br \/>\nDeck 14 \u2013 Felix Gebel: <a class=\"deckbox_link\" target=\"_blank\" href=\"https:\/\/deckbox.org\/mtg\/Leyline of Singularity\">Leyline of Singularity<\/a>, <a class=\"deckbox_link\" target=\"_blank\" href=\"https:\/\/deckbox.org\/mtg\/Karakas\">Karakas<\/a>, <a class=\"deckbox_link\" target=\"_blank\" href=\"https:\/\/deckbox.org\/mtg\/Cenn\u2019s Tactician\">Cenn\u2019s Tactician<\/a> (24)<\/p>\n<p>Turnier 2:<\/p>\n<p>Deck 1 \u2013 Daniel Maier: <a class=\"deckbox_link\" target=\"_blank\" href=\"https:\/\/deckbox.org\/mtg\/Mishra\u2019s Workshop\">Mishra\u2019s Workshop<\/a>, <a class=\"deckbox_link\" target=\"_blank\" href=\"https:\/\/deckbox.org\/mtg\/Trinisphere\">Trinisphere<\/a>, <a class=\"deckbox_link\" target=\"_blank\" href=\"https:\/\/deckbox.org\/mtg\/Porcelain Legionnaire\">Porcelain Legionnaire<\/a> (39)<br \/>\nDeck 2 \u2013 Jens-Ole M\u00fcller: <a class=\"deckbox_link\" target=\"_blank\" href=\"https:\/\/deckbox.org\/mtg\/Dryad Arbor\">Dryad Arbor<\/a>, <a class=\"deckbox_link\" target=\"_blank\" href=\"https:\/\/deckbox.org\/mtg\/Force of Will\">Force of Will<\/a>, <a class=\"deckbox_link\" target=\"_blank\" href=\"https:\/\/deckbox.org\/mtg\/Slipper Bogle\">Slipper Bogle<\/a> (42)<br \/>\nDeck 3 \u2013 Manuel Mayer: <a class=\"deckbox_link\" target=\"_blank\" href=\"https:\/\/deckbox.org\/mtg\/Mishra\u2019s Workshop\">Mishra\u2019s Workshop<\/a>, <a class=\"deckbox_link\" target=\"_blank\" href=\"https:\/\/deckbox.org\/mtg\/Ensnaring Bridge\">Ensnaring Bridge<\/a>, <a class=\"deckbox_link\" target=\"_blank\" href=\"https:\/\/deckbox.org\/mtg\/Scalding Tongs\">Scalding Tongs<\/a> (59)<br \/>\nDeck 4 \u2013 Evgeny Sheygal: <a class=\"deckbox_link\" target=\"_blank\" href=\"https:\/\/deckbox.org\/mtg\/Dark Depths\">Dark Depths<\/a>, <a class=\"deckbox_link\" target=\"_blank\" href=\"https:\/\/deckbox.org\/mtg\/Thespian&#8217;s Stage\">Thespian&#8217;s Stage<\/a>, <a class=\"deckbox_link\" target=\"_blank\" href=\"https:\/\/deckbox.org\/mtg\/Urborg, Tomb of Yawgmoth\">Urborg, Tomb of Yawgmoth<\/a> (48)<br \/>\nDeck 5 \u2013 Tom, Stapelfeld: <a class=\"deckbox_link\" target=\"_blank\" href=\"https:\/\/deckbox.org\/mtg\/Black Lotus\">Black Lotus<\/a>, <a class=\"deckbox_link\" target=\"_blank\" href=\"https:\/\/deckbox.org\/mtg\/Liliana of the Veil\">Liliana of the Veil<\/a>, <a class=\"deckbox_link\" target=\"_blank\" href=\"https:\/\/deckbox.org\/mtg\/Nether Spirit\">Nether Spirit<\/a> (38)<br \/>\nDeck 6 \u2013 Florian Scholz: <a class=\"deckbox_link\" target=\"_blank\" href=\"https:\/\/deckbox.org\/mtg\/Black Lotus\">Black Lotus<\/a>, <a class=\"deckbox_link\" target=\"_blank\" href=\"https:\/\/deckbox.org\/mtg\/Channel\">Channel<\/a>, <a class=\"deckbox_link\" target=\"_blank\" href=\"https:\/\/deckbox.org\/mtg\/Emrakul, the Aeons Torn\">Emrakul, the Aeons Torn<\/a> (26)<br \/>\nDeck 7 \u2013 Anonym: <a class=\"deckbox_link\" target=\"_blank\" href=\"https:\/\/deckbox.org\/mtg\/Dryad Arbor\">Dryad Arbor<\/a>, <a class=\"deckbox_link\" target=\"_blank\" href=\"https:\/\/deckbox.org\/mtg\/Force of Will\">Force of Will<\/a>, <a class=\"deckbox_link\" target=\"_blank\" href=\"https:\/\/deckbox.org\/mtg\/Misdirection\">Misdirection<\/a> (40)<br \/>\nDeck 8 \u2013 Gideon Zipprich: <a class=\"deckbox_link\" target=\"_blank\" href=\"https:\/\/deckbox.org\/mtg\/Force of Will\">Force of Will<\/a>, <a class=\"deckbox_link\" target=\"_blank\" href=\"https:\/\/deckbox.org\/mtg\/Mishollow Griffin\">Mishollow Griffin<\/a>, <a class=\"deckbox_link\" target=\"_blank\" href=\"https:\/\/deckbox.org\/mtg\/Saprazzan Cove\">Saprazzan Cove<\/a> (32)<br \/>\nDeck 9 \u2013 Fabian H\u00f6hl: <a class=\"deckbox_link\" target=\"_blank\" href=\"https:\/\/deckbox.org\/mtg\/Black Lotus\">Black Lotus<\/a>, <a class=\"deckbox_link\" target=\"_blank\" href=\"https:\/\/deckbox.org\/mtg\/Black Lotus\">Black Lotus<\/a>, <a class=\"deckbox_link\" target=\"_blank\" href=\"https:\/\/deckbox.org\/mtg\/Wurmcoil Engine\">Wurmcoil Engine<\/a> (14)<br \/>\nDeck 10 \u2013 Jens H\u00f6r: <a class=\"deckbox_link\" target=\"_blank\" href=\"https:\/\/deckbox.org\/mtg\/Force of Will\">Force of Will<\/a>, <a class=\"deckbox_link\" target=\"_blank\" href=\"https:\/\/deckbox.org\/mtg\/Enter the Infinite\">Enter the Infinite<\/a>, <a class=\"deckbox_link\" target=\"_blank\" href=\"https:\/\/deckbox.org\/mtg\/Memnite\">Memnite<\/a> (40)<br \/>\nDeck 11 \u2013 Oliver Oey: <a class=\"deckbox_link\" target=\"_blank\" href=\"https:\/\/deckbox.org\/mtg\/Black Lotus\">Black Lotus<\/a>, <a class=\"deckbox_link\" target=\"_blank\" href=\"https:\/\/deckbox.org\/mtg\/Gatekeeper of Malakir\">Gatekeeper of Malakir<\/a>, <a class=\"deckbox_link\" target=\"_blank\" href=\"https:\/\/deckbox.org\/mtg\/Memnite\">Memnite<\/a> (21)<br \/>\nDeck 12 \u2013 Stefan Czolk: <a class=\"deckbox_link\" target=\"_blank\" href=\"https:\/\/deckbox.org\/mtg\/Mishra\u2019s Workshop\">Mishra\u2019s Workshop<\/a>, <a class=\"deckbox_link\" target=\"_blank\" href=\"https:\/\/deckbox.org\/mtg\/Ensnaring Bridge\">Ensnaring Bridge<\/a>, <a class=\"deckbox_link\" target=\"_blank\" href=\"https:\/\/deckbox.org\/mtg\/Chalice of Life\">Chalice of Life<\/a> (55)<br \/>\nDeck 13 \u2013 Anonym: <a class=\"deckbox_link\" target=\"_blank\" href=\"https:\/\/deckbox.org\/mtg\/Channel\">Channel<\/a>, <a class=\"deckbox_link\" target=\"_blank\" href=\"https:\/\/deckbox.org\/mtg\/Emrakul, the Aeons Torn\">Emrakul, the Aeons Torn<\/a>, <a class=\"deckbox_link\" target=\"_blank\" href=\"https:\/\/deckbox.org\/mtg\/Black Lotus\">Black Lotus<\/a> (24)<br \/>\nDeck 14 \u2013 Dominik St\u00fctzle: <a class=\"deckbox_link\" target=\"_blank\" href=\"https:\/\/deckbox.org\/mtg\/Icatian Store\">Icatian Store<\/a>, <a class=\"deckbox_link\" target=\"_blank\" href=\"https:\/\/deckbox.org\/mtg\/Chancellor of the Annex\">Chancellor of the Annex<\/a>, <a class=\"deckbox_link\" target=\"_blank\" href=\"https:\/\/deckbox.org\/mtg\/Fiend Hunter\">Fiend Hunter<\/a> (60)<br \/>\nDeck 15 \u2013 J\u00f6rg Wurster: <a class=\"deckbox_link\" target=\"_blank\" href=\"https:\/\/deckbox.org\/mtg\/Urborg, Tomb of Yawgmoth\">Urborg, Tomb of Yawgmoth<\/a>, <a class=\"deckbox_link\" target=\"_blank\" href=\"https:\/\/deckbox.org\/mtg\/Thespian&#8217;s Stage\">Thespian&#8217;s Stage<\/a>, <a class=\"deckbox_link\" target=\"_blank\" href=\"https:\/\/deckbox.org\/mtg\/Dark Depths\">Dark Depths<\/a> (48)<\/p>\n<p>Beide Sieger haben jeweils ein Polluted Delta aus Khans of Tarkir erhalten, danke f\u00fcrs Teil nehmen!<\/p>\n<p>Da die Regeln besagen, dass alle Siegerkarten f\u00fcr weitere Runden gebannt werden m\u00fcssen, sind ab sofort die folgenden Karten zus\u00e4tzlich nicht erlaubt:<\/p>\n<ul>\n<li><a class=\"deckbox_link\" target=\"_blank\" href=\"https:\/\/deckbox.org\/mtg\/Black Lotus\">Black Lotus<\/a><\/li>\n<li><a class=\"deckbox_link\" target=\"_blank\" href=\"https:\/\/deckbox.org\/mtg\/Magus of the Moon\">Magus of the Moon<\/a><\/li>\n<li><a class=\"deckbox_link\" target=\"_blank\" href=\"https:\/\/deckbox.org\/mtg\/Leyline of Anticipation\">Leyline of Anticipation<\/a><\/li>\n<li><a class=\"deckbox_link\" target=\"_blank\" href=\"https:\/\/deckbox.org\/mtg\/Icatian Store\">Icatian Store<\/a><\/li>\n<li><a class=\"deckbox_link\" target=\"_blank\" href=\"https:\/\/deckbox.org\/mtg\/Chancellor of the Annex\">Chancellor of the Annex<\/a><\/li>\n<li><a class=\"deckbox_link\" target=\"_blank\" href=\"https:\/\/deckbox.org\/mtg\/Fiend Hunter\">Fiend Hunter<\/a><\/li>\n<\/ul>\n","protected":false},"excerpt":{"rendered":"<p>Zum Jubil\u00e4um haben wir ein 3-Card Blind Turnier veranstaltet (Regeln findet Ihr hier). Es haben 29 Spieler daran teil genommen, so dass wir zwei kleine Turniere mit je 14\/15 Spielern daraus gemacht haben. Die Decklisten waren wie folgt, in Klammern dahinter die Punkte, die das Deck erzielt hat. Turnier 1: Deck 1 \u2013 Adrian Dziuba: [&hellip;]<\/p>\n","protected":false},"author":1,"featured_media":0,"parent":0,"menu_order":0,"comment_status":"open","ping_status":"open","template":"","meta":{"footnotes":""},"class_list":["post-360","page","type-page","status-publish","hentry"],"_links":{"self":[{"href":"https:\/\/winadual.de\/index.php?rest_route=\/wp\/v2\/pages\/360","targetHints":{"allow":["GET"]}}],"collection":[{"href":"https:\/\/winadual.de\/index.php?rest_route=\/wp\/v2\/pages"}],"about":[{"href":"https:\/\/winadual.de\/index.php?rest_route=\/wp\/v2\/types\/page"}],"author":[{"embeddable":true,"href":"https:\/\/winadual.de\/index.php?rest_route=\/wp\/v2\/users\/1"}],"replies":[{"embeddable":true,"href":"https:\/\/winadual.de\/index.php?rest_route=%2Fwp%2Fv2%2Fcomments&post=360"}],"version-history":[{"count":7,"href":"https:\/\/winadual.de\/index.php?rest_route=\/wp\/v2\/pages\/360\/revisions"}],"predecessor-version":[{"id":1270,"href":"https:\/\/winadual.de\/index.php?rest_route=\/wp\/v2\/pages\/360\/revisions\/1270"}],"wp:attachment":[{"href":"https:\/\/winadual.de\/index.php?rest_route=%2Fwp%2Fv2%2Fmedia&parent=360"}],"curies":[{"name":"wp","href":"https:\/\/api.w.org\/{rel}","templated":true}]}}