{"id":412,"date":"2015-01-26T12:16:59","date_gmt":"2015-01-26T12:16:59","guid":{"rendered":"http:\/\/winadual.de\/?page_id=412"},"modified":"2016-01-25T10:18:27","modified_gmt":"2016-01-25T10:18:27","slug":"jahreswertung-2","status":"publish","type":"page","link":"https:\/\/winadual.de\/?page_id=412","title":{"rendered":"Jahreswertung 2015"},"content":{"rendered":"<p style=\"text-align: left;\">Jeder Spieler, der an einem Win A Dual besser als X-X geht, bekommt so viele Punkte, wie er in den final Standings hatte. Der erste Platz erh\u00e4lt einen Gutschein \u00fcber 45 Euro, der zweite Platz einen \u00fcber 30 und der dritte Platz einen \u00fcber 15 Euro.<\/p>\n<p style=\"text-align: left;\">Die Rangliste sieht aktuell aus wie folgt:<\/p>\n<table border=\"0\" cellspacing=\"0\">\n<colgroup span=\"3\" width=\"158\"><\/colgroup>\n<tbody>\n<tr>\n<td align=\"CENTER\" height=\"20\"><b>Rang<\/b><\/td>\n<td align=\"CENTER\"><b>Name<\/b><\/td>\n<td align=\"CENTER\"><b>Punkte<\/b><\/td>\n<\/tr>\n<tr>\n<td align=\"CENTER\" bgcolor=\"#FFD320\" height=\"20\">1<\/td>\n<td align=\"CENTER\" bgcolor=\"#FFD320\">Dominik St\u00fctzle<\/td>\n<td align=\"CENTER\" bgcolor=\"#FFD320\">78<\/td>\n<\/tr>\n<tr>\n<td align=\"CENTER\" bgcolor=\"#DDDDDD\" height=\"20\">2<\/td>\n<td align=\"CENTER\" bgcolor=\"#DDDDDD\">Julius Alves<\/td>\n<td align=\"CENTER\" bgcolor=\"#DDDDDD\">58<\/td>\n<\/tr>\n<tr>\n<td align=\"CENTER\" bgcolor=\"#FF6600\" height=\"20\">3<\/td>\n<td align=\"CENTER\" bgcolor=\"#FF6600\">Tanne Nguyen<\/td>\n<td align=\"CENTER\" bgcolor=\"#FF6600\">50<\/td>\n<\/tr>\n<tr>\n<td align=\"CENTER\" height=\"20\">4<\/td>\n<td align=\"CENTER\">Tobias Maucher<\/td>\n<td align=\"CENTER\">42<\/td>\n<\/tr>\n<tr>\n<td align=\"CENTER\" height=\"20\">5<\/td>\n<td align=\"CENTER\">Jack Casey<\/td>\n<td align=\"CENTER\">39<\/td>\n<\/tr>\n<tr>\n<td align=\"CENTER\" height=\"20\">5<\/td>\n<td align=\"CENTER\">Gerrit Oeberst<\/td>\n<td align=\"CENTER\">39<\/td>\n<\/tr>\n<tr>\n<td align=\"CENTER\" height=\"20\">7<\/td>\n<td align=\"CENTER\">Michael Edelmann<\/td>\n<td align=\"CENTER\">38<\/td>\n<\/tr>\n<tr>\n<td align=\"CENTER\" height=\"20\">7<\/td>\n<td align=\"CENTER\">Christian Lanninger<\/td>\n<td align=\"CENTER\">38<\/td>\n<\/tr>\n<tr>\n<td align=\"CENTER\" height=\"20\">9<\/td>\n<td align=\"CENTER\">Dominik Kerpes<\/td>\n<td align=\"CENTER\">36<\/td>\n<\/tr>\n<tr>\n<td align=\"CENTER\" height=\"20\">9<\/td>\n<td align=\"CENTER\">Christian Moser<\/td>\n<td align=\"CENTER\">36<\/td>\n<\/tr>\n<tr>\n<td align=\"CENTER\" height=\"20\">11<\/td>\n<td align=\"CENTER\">Manuel Mayer<\/td>\n<td align=\"CENTER\">30<\/td>\n<\/tr>\n<tr>\n<td align=\"CENTER\" height=\"20\">12<\/td>\n<td align=\"CENTER\">David Horn<\/td>\n<td align=\"CENTER\">29<\/td>\n<\/tr>\n<tr>\n<td align=\"CENTER\" height=\"20\">12<\/td>\n<td align=\"CENTER\">Daniel Ott<\/td>\n<td align=\"CENTER\">29<\/td>\n<\/tr>\n<tr>\n<td align=\"CENTER\" height=\"20\">14<\/td>\n<td align=\"CENTER\">Marvin Heiss<\/td>\n<td align=\"CENTER\">28<\/td>\n<\/tr>\n<tr>\n<td align=\"CENTER\" height=\"20\">14<\/td>\n<td align=\"CENTER\">Florian John<\/td>\n<td align=\"CENTER\">28<\/td>\n<\/tr>\n<tr>\n<td align=\"CENTER\" height=\"20\">14<\/td>\n<td align=\"CENTER\">Tobias Seifert<\/td>\n<td align=\"CENTER\">28<\/td>\n<\/tr>\n<tr>\n<td align=\"CENTER\" height=\"20\">17<\/td>\n<td align=\"CENTER\">Stephan Gauglitz<\/td>\n<td align=\"CENTER\">27<\/td>\n<\/tr>\n<tr>\n<td align=\"CENTER\" height=\"20\">17<\/td>\n<td align=\"CENTER\">Felix Hasenfratz<\/td>\n<td align=\"CENTER\">27<\/td>\n<\/tr>\n<tr>\n<td align=\"CENTER\" height=\"20\">17<\/td>\n<td align=\"CENTER\">Robert Sittig<\/td>\n<td align=\"CENTER\">27<\/td>\n<\/tr>\n<tr>\n<td align=\"CENTER\" height=\"20\">20<\/td>\n<td align=\"CENTER\">Rene Guder<\/td>\n<td align=\"CENTER\">24<\/td>\n<\/tr>\n<tr>\n<td align=\"CENTER\" height=\"20\">21<\/td>\n<td align=\"CENTER\">Armin Heinrich<\/td>\n<td align=\"CENTER\">22<\/td>\n<\/tr>\n<tr>\n<td align=\"CENTER\" height=\"20\">21<\/td>\n<td align=\"CENTER\">Christoph Sickler<\/td>\n<td align=\"CENTER\">22<\/td>\n<\/tr>\n<tr>\n<td align=\"CENTER\" height=\"20\">21<\/td>\n<td align=\"CENTER\">Michael Sommer<\/td>\n<td align=\"CENTER\">22<\/td>\n<\/tr>\n<tr>\n<td align=\"CENTER\" height=\"20\">24<\/td>\n<td align=\"CENTER\">Niko Krammer<\/td>\n<td align=\"CENTER\">20<\/td>\n<\/tr>\n<tr>\n<td align=\"CENTER\" height=\"20\">24<\/td>\n<td align=\"CENTER\">Franz Urban<\/td>\n<td align=\"CENTER\">20<\/td>\n<\/tr>\n<tr>\n<td align=\"CENTER\" height=\"20\">26<\/td>\n<td align=\"CENTER\">Stefan Czolk<\/td>\n<td align=\"CENTER\">19<\/td>\n<\/tr>\n<tr>\n<td align=\"CENTER\" height=\"20\">27<\/td>\n<td align=\"CENTER\">Markus Halder<\/td>\n<td align=\"CENTER\">16<\/td>\n<\/tr>\n<tr>\n<td align=\"CENTER\" height=\"20\">27<\/td>\n<td align=\"CENTER\">Tobias Seibert<\/td>\n<td align=\"CENTER\">16<\/td>\n<\/tr>\n<tr>\n<td align=\"CENTER\" height=\"20\">29<\/td>\n<td align=\"CENTER\">Jonas Bayer<\/td>\n<td align=\"CENTER\">15<\/td>\n<\/tr>\n<tr>\n<td align=\"CENTER\" height=\"20\">29<\/td>\n<td align=\"CENTER\">Zvonko Kusenic<\/td>\n<td align=\"CENTER\">15<\/td>\n<\/tr>\n<tr>\n<td align=\"CENTER\" height=\"20\">29<\/td>\n<td align=\"CENTER\">Peter Sch\u00e4fer<\/td>\n<td align=\"CENTER\">15<\/td>\n<\/tr>\n<tr>\n<td align=\"CENTER\" height=\"20\">29<\/td>\n<td align=\"CENTER\">Marc Thomas<\/td>\n<td align=\"CENTER\">15<\/td>\n<\/tr>\n<tr>\n<td align=\"CENTER\" height=\"20\">29<\/td>\n<td align=\"CENTER\">Patrick Tordy<\/td>\n<td align=\"CENTER\">15<\/td>\n<\/tr>\n<tr>\n<td align=\"CENTER\" height=\"20\">29<\/td>\n<td align=\"CENTER\">Karl Woell<\/td>\n<td align=\"CENTER\">15<\/td>\n<\/tr>\n<tr>\n<td align=\"CENTER\" height=\"20\">29<\/td>\n<td align=\"CENTER\">J\u00f6rg Wurster<\/td>\n<td align=\"CENTER\">15<\/td>\n<\/tr>\n<tr>\n<td align=\"CENTER\" height=\"20\">36<\/td>\n<td align=\"CENTER\">Benni Gachstetter<\/td>\n<td align=\"CENTER\">13<\/td>\n<\/tr>\n<tr>\n<td align=\"CENTER\" height=\"20\">36<\/td>\n<td align=\"CENTER\">Sascha Lang<\/td>\n<td align=\"CENTER\">13<\/td>\n<\/tr>\n<tr>\n<td align=\"CENTER\" height=\"20\">36<\/td>\n<td align=\"CENTER\">Dominic Schmid<\/td>\n<td align=\"CENTER\">13<\/td>\n<\/tr>\n<tr>\n<td align=\"CENTER\" height=\"20\">39<\/td>\n<td align=\"CENTER\">Assim Almikhi<\/td>\n<td align=\"CENTER\">12<\/td>\n<\/tr>\n<tr>\n<td align=\"CENTER\" height=\"20\">39<\/td>\n<td align=\"CENTER\">Adrian Dziuba<\/td>\n<td align=\"CENTER\">12<\/td>\n<\/tr>\n<tr>\n<td align=\"CENTER\" height=\"20\">39<\/td>\n<td align=\"CENTER\">Max Eichler<\/td>\n<td align=\"CENTER\">12<\/td>\n<\/tr>\n<tr>\n<td align=\"CENTER\" height=\"20\">39<\/td>\n<td align=\"CENTER\">Dominic Eigner<\/td>\n<td align=\"CENTER\">12<\/td>\n<\/tr>\n<tr>\n<td align=\"CENTER\" height=\"20\">39<\/td>\n<td align=\"CENTER\">Bernd Halbich<\/td>\n<td align=\"CENTER\">12<\/td>\n<\/tr>\n<tr>\n<td align=\"CENTER\" height=\"20\">39<\/td>\n<td align=\"CENTER\">Harald Herrlich<\/td>\n<td align=\"CENTER\">12<\/td>\n<\/tr>\n<tr>\n<td align=\"CENTER\" height=\"20\">39<\/td>\n<td align=\"CENTER\">Thorsten Hummel<\/td>\n<td align=\"CENTER\">12<\/td>\n<\/tr>\n<tr>\n<td align=\"CENTER\" height=\"20\">39<\/td>\n<td align=\"CENTER\">Ernest Keib<\/td>\n<td align=\"CENTER\">12<\/td>\n<\/tr>\n<tr>\n<td align=\"CENTER\" height=\"20\">39<\/td>\n<td align=\"CENTER\">Alexander Kohles<\/td>\n<td align=\"CENTER\">12<\/td>\n<\/tr>\n<tr>\n<td align=\"CENTER\" height=\"20\">39<\/td>\n<td align=\"CENTER\">Manuel Kreutzer<\/td>\n<td align=\"CENTER\">12<\/td>\n<\/tr>\n<tr>\n<td align=\"CENTER\" height=\"20\">39<\/td>\n<td align=\"CENTER\">Michael Mohr<\/td>\n<td align=\"CENTER\">12<\/td>\n<\/tr>\n<tr>\n<td align=\"CENTER\" height=\"20\">39<\/td>\n<td align=\"CENTER\">Jens-Ole M\u00fcller<\/td>\n<td align=\"CENTER\">12<\/td>\n<\/tr>\n<tr>\n<td align=\"CENTER\" height=\"20\">39<\/td>\n<td align=\"CENTER\">Frank Nuding<\/td>\n<td align=\"CENTER\">12<\/td>\n<\/tr>\n<tr>\n<td align=\"CENTER\" height=\"20\">39<\/td>\n<td align=\"CENTER\">Oliver Oey<\/td>\n<td align=\"CENTER\">12<\/td>\n<\/tr>\n<tr>\n<td align=\"CENTER\" height=\"20\">39<\/td>\n<td align=\"CENTER\">Dominik Schneider<\/td>\n<td align=\"CENTER\">12<\/td>\n<\/tr>\n<tr>\n<td align=\"CENTER\" height=\"20\">39<\/td>\n<td align=\"CENTER\">Markus Sp\u00f6hrer<\/td>\n<td align=\"CENTER\">12<\/td>\n<\/tr>\n<tr>\n<td align=\"CENTER\" height=\"20\">39<\/td>\n<td align=\"CENTER\">Kai Thiele<\/td>\n<td align=\"CENTER\">12<\/td>\n<\/tr>\n<tr>\n<td align=\"CENTER\" height=\"20\">39<\/td>\n<td align=\"CENTER\">Ardijan Wiesen<\/td>\n<td align=\"CENTER\">12<\/td>\n<\/tr>\n<tr>\n<td align=\"CENTER\" height=\"20\">39<\/td>\n<td align=\"CENTER\">Martin Zimmermann<\/td>\n<td align=\"CENTER\">12<\/td>\n<\/tr>\n<tr>\n<td align=\"CENTER\" height=\"20\">58<\/td>\n<td align=\"CENTER\">Miso Gavrilovic<\/td>\n<td align=\"CENTER\">11<\/td>\n<\/tr>\n<tr>\n<td align=\"CENTER\" height=\"20\">58<\/td>\n<td align=\"CENTER\">Dominik M\u00fcnch<\/td>\n<td align=\"CENTER\">11<\/td>\n<\/tr>\n<tr>\n<td align=\"CENTER\" height=\"20\">58<\/td>\n<td align=\"CENTER\">Sean Sagendorf<\/td>\n<td align=\"CENTER\">11<\/td>\n<\/tr>\n<tr>\n<td align=\"CENTER\" height=\"20\">58<\/td>\n<td align=\"CENTER\">Raphael Werder<\/td>\n<td align=\"CENTER\">11<\/td>\n<\/tr>\n<tr>\n<td align=\"CENTER\" height=\"20\">62<\/td>\n<td align=\"CENTER\">Alexander D\u00f6rr<\/td>\n<td align=\"CENTER\">10<\/td>\n<\/tr>\n<tr>\n<td align=\"CENTER\" height=\"20\">62<\/td>\n<td align=\"CENTER\">Tim Jennerjahn<\/td>\n<td align=\"CENTER\">10<\/td>\n<\/tr>\n<tr>\n<td align=\"CENTER\" height=\"20\">62<\/td>\n<td align=\"CENTER\">Peter J\u00f6chle<\/td>\n<td align=\"CENTER\">10<\/td>\n<\/tr>\n<tr>\n<td align=\"CENTER\" height=\"20\">62<\/td>\n<td align=\"CENTER\">Tobias Werner<\/td>\n<td align=\"CENTER\">10<\/td>\n<\/tr>\n<\/tbody>\n<\/table>\n","protected":false},"excerpt":{"rendered":"<p>Jeder Spieler, der an einem Win A Dual besser als X-X geht, bekommt so viele Punkte, wie er in den final Standings hatte. Der erste Platz erh\u00e4lt einen Gutschein \u00fcber 45 Euro, der zweite Platz einen \u00fcber 30 und der dritte Platz einen \u00fcber 15 Euro. Die Rangliste sieht aktuell aus wie folgt: Rang Name [&hellip;]<\/p>\n","protected":false},"author":1,"featured_media":0,"parent":0,"menu_order":0,"comment_status":"open","ping_status":"open","template":"","meta":{"footnotes":""},"class_list":["post-412","page","type-page","status-publish","hentry"],"_links":{"self":[{"href":"https:\/\/winadual.de\/index.php?rest_route=\/wp\/v2\/pages\/412","targetHints":{"allow":["GET"]}}],"collection":[{"href":"https:\/\/winadual.de\/index.php?rest_route=\/wp\/v2\/pages"}],"about":[{"href":"https:\/\/winadual.de\/index.php?rest_route=\/wp\/v2\/types\/page"}],"author":[{"embeddable":true,"href":"https:\/\/winadual.de\/index.php?rest_route=\/wp\/v2\/users\/1"}],"replies":[{"embeddable":true,"href":"https:\/\/winadual.de\/index.php?rest_route=%2Fwp%2Fv2%2Fcomments&post=412"}],"version-history":[{"count":8,"href":"https:\/\/winadual.de\/index.php?rest_route=\/wp\/v2\/pages\/412\/revisions"}],"predecessor-version":[{"id":565,"href":"https:\/\/winadual.de\/index.php?rest_route=\/wp\/v2\/pages\/412\/revisions\/565"}],"wp:attachment":[{"href":"https:\/\/winadual.de\/index.php?rest_route=%2Fwp%2Fv2%2Fmedia&parent=412"}],"curies":[{"name":"wp","href":"https:\/\/api.w.org\/{rel}","templated":true}]}}