{"id":7,"date":"2013-12-20T09:01:05","date_gmt":"2013-12-20T09:01:05","guid":{"rendered":"http:\/\/winadual.de\/?page_id=7"},"modified":"2013-12-28T22:02:36","modified_gmt":"2013-12-28T22:02:36","slug":"turniere","status":"publish","type":"page","link":"https:\/\/winadual.de\/?page_id=7","title":{"rendered":"\u00dcber uns"},"content":{"rendered":"<p>Wir sind eine Hand voll Legacy Spieler aus der T\u00fcbinger Gegend, die es Leid sind, dass hier im S\u00fcden so wenig Legacy gespielt wird. Daher der Plan: Wir organisieren regelm\u00e4\u00dfig ein gr\u00f6\u00dferes Legacy-Turnier mit attraktiven Preisen, um die Leute bei der Stange zu halten. Wir unterst\u00fctzen dabei die beiden L\u00e4den Fantasy Empire (T\u00fcbingen) und Comiculture (Braunschweig), diese Turniere auf die Beine zu stellen. Mit organisiert und verwaltet wird das Event von\u00a0Level 2 Judge Philip Wieland und seinen Judge Kollegen Gabriel und Christian. Zusammen machen wir das WIN A DUAL OPEN Legacy.<\/p>\n","protected":false},"excerpt":{"rendered":"<p>Wir sind eine Hand voll Legacy Spieler aus der T\u00fcbinger Gegend, die es Leid sind, dass hier im S\u00fcden so wenig Legacy gespielt wird. Daher der Plan: Wir organisieren regelm\u00e4\u00dfig ein gr\u00f6\u00dferes Legacy-Turnier mit attraktiven Preisen, um die Leute bei der Stange zu halten. Wir unterst\u00fctzen dabei die beiden L\u00e4den Fantasy Empire (T\u00fcbingen) und Comiculture [&hellip;]<\/p>\n","protected":false},"author":1,"featured_media":0,"parent":0,"menu_order":0,"comment_status":"closed","ping_status":"closed","template":"","meta":{"footnotes":""},"class_list":["post-7","page","type-page","status-publish","hentry"],"_links":{"self":[{"href":"https:\/\/winadual.de\/index.php?rest_route=\/wp\/v2\/pages\/7","targetHints":{"allow":["GET"]}}],"collection":[{"href":"https:\/\/winadual.de\/index.php?rest_route=\/wp\/v2\/pages"}],"about":[{"href":"https:\/\/winadual.de\/index.php?rest_route=\/wp\/v2\/types\/page"}],"author":[{"embeddable":true,"href":"https:\/\/winadual.de\/index.php?rest_route=\/wp\/v2\/users\/1"}],"replies":[{"embeddable":true,"href":"https:\/\/winadual.de\/index.php?rest_route=%2Fwp%2Fv2%2Fcomments&post=7"}],"version-history":[{"count":4,"href":"https:\/\/winadual.de\/index.php?rest_route=\/wp\/v2\/pages\/7\/revisions"}],"predecessor-version":[{"id":57,"href":"https:\/\/winadual.de\/index.php?rest_route=\/wp\/v2\/pages\/7\/revisions\/57"}],"wp:attachment":[{"href":"https:\/\/winadual.de\/index.php?rest_route=%2Fwp%2Fv2%2Fmedia&parent=7"}],"curies":[{"name":"wp","href":"https:\/\/api.w.org\/{rel}","templated":true}]}}